{"id":2,"date":"2023-09-07T17:47:44","date_gmt":"2023-09-07T15:47:44","guid":{"rendered":"http:\/\/www.pionniers.veolia.com\/en\/?page_id=2"},"modified":"2024-01-12T12:45:04","modified_gmt":"2024-01-12T11:45:04","slug":"page-d-exemple","status":"publish","type":"page","link":"https:\/\/www.pionniers.veolia.com\/en\/","title":{"rendered":"Veolia"},"content":{"rendered":"\n<div class=\"wp-block-group fond-gris is-layout-constrained wp-block-group-is-layout-constrained\"><div class=\"wp-block-group__inner-container\">\n<div class=\"wp-block-columns container is-layout-flex wp-container-7 wp-block-columns-is-layout-flex\">\n<div class=\"wp-block-column row is-layout-flow wp-block-column-is-layout-flow\">\n<h1 class=\"wp-block-heading has-text-align-center col-12 titre-page cap extra margin-top padding-top\"><strong><strong>Environment at the Core<\/strong><\/strong><\/h1>\n\n\n\n<p class=\"has-text-align-center baseline col-12 medium filet-titre\"><em>By Gr\u00e9gory Quenet<\/em>, Environmental historian<\/p>\n\n\n\n<div class=\"wp-block-columns is-layout-flex wp-container-3 wp-block-columns-is-layout-flex\">\n<div class=\"wp-block-column is-layout-flow wp-block-column-is-layout-flow\" style=\"flex-basis:33.33%\"><div class=\"wp-block-image\">\n<figure class=\"aligncenter size-full is-resized\"><img decoding=\"async\" loading=\"lazy\" src=\"https:\/\/www.pionniers.veolia.com\/en\/wp-content\/uploads\/2023\/10\/gregory-quenet-2.png\" alt=\"\" class=\"wp-image-725\" style=\"object-fit:contain;width:240px;height:240px\" width=\"240\" height=\"240\"\/><\/figure><\/div><\/div>\n\n\n\n<div class=\"wp-block-column is-layout-flow wp-block-column-is-layout-flow\" style=\"flex-basis:66.66%\">\n<p class=\"light\">In 1853, the term \"startup\" did not exist. However, this term describes the new Compagnie g\u00e9n\u00e9rale des eaux exactly: a risky innovation based on the anticipation of new uses for water that had not yet been identified as profitable markets. After 170 years of existence, a formula for success can often appear misleading. Nevertheless, to understand our current circumstances, we need to delve into the past, as it takes one to recognize another.<\/p>\n<\/div>\n<\/div>\n\n\n\n<div class=\"wp-block-group col-12 margin-bottom is-layout-constrained wp-block-group-is-layout-constrained\"><div class=\"wp-block-group__inner-container\">\n<div class=\"wp-block-buttons is-content-justification-center is-layout-flex wp-container-4 wp-block-buttons-is-layout-flex\">\n<div class=\"wp-block-button cap\"><a class=\"wp-block-button__link wp-element-button\" href=\"https:\/\/www.pionniers.veolia.com\/en\/introduction\/\"><strong>Read more<\/strong><\/a><\/div>\n<\/div>\n<\/div><\/div>\n<\/div>\n<\/div>\n<\/div><\/div>\n\n\n\n<div class=\"wp-block-group background-image fond-bleu padding-top padding-bottom is-layout-constrained wp-block-group-is-layout-constrained\"><div class=\"wp-block-group__inner-container\">\n<div class=\"wp-block-columns container is-layout-flex wp-container-16 wp-block-columns-is-layout-flex\">\n<div class=\"wp-block-column row is-layout-flow wp-block-column-is-layout-flow\">\n<div class=\"wp-block-group col-10 card fond-blanc margin-top margin-bottom is-layout-constrained wp-block-group-is-layout-constrained\"><div class=\"wp-block-group__inner-container\">\n<h2 class=\"wp-block-heading has-text-align-left soustitre-page cap extra surfilet-titre\">A fascinating adventure <\/h2>\n\n\n\n<div style=\"height:30px\" aria-hidden=\"true\" class=\"wp-block-spacer\"><\/div>\n\n\n\n<div class=\"wp-block-columns is-layout-flex wp-container-11 wp-block-columns-is-layout-flex\">\n<div class=\"wp-block-column is-layout-flow wp-block-column-is-layout-flow\" style=\"flex-basis:33.33%\"><div class=\"wp-block-image\">\n<figure class=\"aligncenter size-full\"><img decoding=\"async\" loading=\"lazy\" width=\"678\" height=\"604\" src=\"https:\/\/www.pionniers.veolia.com\/en\/wp-content\/uploads\/2023\/10\/estelle-brachlianoff.png\" alt=\"\" class=\"wp-image-720\" srcset=\"https:\/\/www.pionniers.veolia.com\/en\/wp-content\/uploads\/2023\/10\/estelle-brachlianoff.png 678w, https:\/\/www.pionniers.veolia.com\/en\/wp-content\/uploads\/2023\/10\/estelle-brachlianoff-300x267.png 300w\" sizes=\"(max-width: 678px) 100vw, 678px\" \/><\/figure><\/div><\/div>\n\n\n\n<div class=\"wp-block-column is-layout-flow wp-block-column-is-layout-flow\" style=\"flex-basis:66.66%\">\n<p><strong>By Estelle Brachlianoff<\/strong>,<br><strong>Head of Veolia<\/strong><\/p>\n\n\n\n<p class=\"light\">In 1853, the first major Parisian department store had just opened its doors. The cinema would not exist for a long time yet. It was the time of the first railways, the year when, after a vote of its statutes and the obtaining of its first contract, a decree signed by the hand of the French Emperor Napoleon III would authorize, on December 14, the creation of the Compagnie g\u00e9n\u00e9rale des eaux.&nbsp;<\/p>\n\n\n\n<p class=\"light\">The Compagnie G\u00e9n\u00e9rale des Eaux, born in the heart of the first industrial revolution, would become, year after year, decade after decade, one of the essential components of what we know today as Veolia.&nbsp;<\/p>\n<\/div>\n<\/div>\n\n\n\n<p><\/p>\n\n\n\n<div class=\"wp-block-group margin-bottom is-layout-constrained wp-block-group-is-layout-constrained\"><div class=\"wp-block-group__inner-container\">\n<div class=\"wp-block-buttons is-content-justification-center is-layout-flex wp-container-12 wp-block-buttons-is-layout-flex\">\n<div class=\"wp-block-button cap\"><a class=\"wp-block-button__link wp-element-button\" href=\"https:\/\/www.pionniers.veolia.com\/en\/edito\/\"><strong>Read more<\/strong><\/a><\/div>\n<\/div>\n<\/div><\/div>\n<\/div><\/div>\n<\/div>\n<\/div>\n<\/div><\/div>\n\n\n\n<div class=\"wp-block-group fond-blanc is-layout-constrained wp-block-group-is-layout-constrained\"><div class=\"wp-block-group__inner-container\">\n<div class=\"wp-block-columns container is-layout-flex wp-container-21 wp-block-columns-is-layout-flex\">\n<div class=\"wp-block-column row is-layout-flow wp-block-column-is-layout-flow\">\n<h2 class=\"wp-block-heading has-text-align-center col-12 titre-page cap extra margin-top padding-top filet-titre\">THEY HAVE CONTRIBUTED<br>TO OUR STORIES<\/h2>\n\n\n                    <div class=\"wp-block-image portrait-cercle col-2 margin-bottom\">\n            <figure class=\"aligncenter size-full\">\n                <img width=\"200\" height=\"200\" src=\"https:\/\/www.pionniers.veolia.com\/en\/wp-content\/uploads\/2023\/10\/sketch_Compagnon-200x200.png\" class=\"attachment-thumbnail size-thumbnail wp-post-image\" alt=\"\" decoding=\"async\" \/>                <figcaption class=\"wp-element-caption\">\n                    <p class=\"bold no-margin\">Antoine Compagnon<\/p>\n                    <div class=\"description\"><span style=\"font-weight: 400;\">Member of the <strong>French Academy<\/strong><\/span><\/div>\n                <\/figcaption>\n            <\/figure>\n        <\/div>\n                                    <div class=\"wp-block-image portrait-cercle col-2 margin-bottom\">\n            <figure class=\"aligncenter size-full\">\n                <img width=\"200\" height=\"200\" src=\"https:\/\/www.pionniers.veolia.com\/en\/wp-content\/uploads\/2023\/10\/sketch_Pezon_2-200x200.png\" class=\"attachment-thumbnail size-thumbnail wp-post-image\" alt=\"\" decoding=\"async\" \/>                <figcaption class=\"wp-element-caption\">\n                    <p class=\"bold no-margin\">Christelle Pezon<\/p>\n                    <div class=\"description\"><p><span style=\"font-weight: 400;\">Lecturer, <\/span><strong>Conservatoire National des Arts et M\u00e9tiers<\/strong><\/p>\n<\/div>\n                <\/figcaption>\n            <\/figure>\n        <\/div>\n                                    <div class=\"wp-block-image portrait-cercle col-2 margin-bottom\">\n            <figure class=\"aligncenter size-full\">\n                <img width=\"200\" height=\"200\" src=\"https:\/\/www.pionniers.veolia.com\/en\/wp-content\/uploads\/2023\/10\/sketch_thual-200x200.png\" class=\"attachment-thumbnail size-thumbnail wp-post-image\" alt=\"\" decoding=\"async\" srcset=\"https:\/\/www.pionniers.veolia.com\/en\/wp-content\/uploads\/2023\/10\/sketch_thual-200x200.png 200w, https:\/\/www.pionniers.veolia.com\/en\/wp-content\/uploads\/2023\/10\/sketch_thual-300x300.png 300w, https:\/\/www.pionniers.veolia.com\/en\/wp-content\/uploads\/2023\/10\/sketch_thual.png 436w\" sizes=\"(max-width: 200px) 100vw, 200px\" \/>                <figcaption class=\"wp-element-caption\">\n                    <p class=\"bold no-margin\">Julien Thual<\/p>\n                    <div class=\"description\"><p>Anaerobic Digestion Engineer, <strong>ADEME<\/strong><\/p>\n<\/div>\n                <\/figcaption>\n            <\/figure>\n        <\/div>\n                                    <div class=\"wp-block-image portrait-cercle col-2 margin-bottom\">\n            <figure class=\"aligncenter size-full\">\n                <img width=\"200\" height=\"200\" src=\"https:\/\/www.pionniers.veolia.com\/en\/wp-content\/uploads\/2023\/10\/sketch_pesret-200x200.png\" class=\"attachment-thumbnail size-thumbnail wp-post-image\" alt=\"\" decoding=\"async\" \/>                <figcaption class=\"wp-element-caption\">\n                    <p class=\"bold no-margin\">Anna\u00efg Pesret-Bougaran<\/p>\n                    <div class=\"description\"><p><span data-sheets-value=\"{&quot;1&quot;:2,&quot;2&quot;:&quot;Directrice de Secteur - Arc en Ciel 2034&quot;}\" data-sheets-userformat=\"{&quot;2&quot;:12418,&quot;4&quot;:{&quot;1&quot;:2,&quot;2&quot;:14281427},&quot;10&quot;:2,&quot;15&quot;:&quot;Arial&quot;,&quot;16&quot;:11}\"><span style=\"font-weight: 400;\">Sector Director - Arc en Ciel 2034<\/span>, <\/span><strong>Veolia<\/strong><\/p>\n<\/div>\n                <\/figcaption>\n            <\/figure>\n        <\/div>\n                                    <div class=\"wp-block-image portrait-cercle col-2 margin-bottom\">\n            <figure class=\"aligncenter size-full\">\n                <img width=\"200\" height=\"200\" src=\"https:\/\/www.pionniers.veolia.com\/en\/wp-content\/uploads\/2023\/10\/sketch_Silverio_Marques-200x200.png\" class=\"attachment-thumbnail size-thumbnail wp-post-image\" alt=\"\" decoding=\"async\" \/>                <figcaption class=\"wp-element-caption\">\n                    <p class=\"bold no-margin\">Francisco Silverio Marques<\/p>\n                    <div class=\"description\"><p><span data-sheets-value=\"{&quot;1&quot;:2,&quot;2&quot;:&quot;Vice-Pr\u00e9sident - Services \u00e9nerg\u00e9tiques pour les b\u00e2timents&quot;}\" data-sheets-userformat=\"{&quot;2&quot;:12418,&quot;4&quot;:{&quot;1&quot;:2,&quot;2&quot;:14281427},&quot;10&quot;:2,&quot;15&quot;:&quot;Arial&quot;,&quot;16&quot;:11}\"><span style=\"font-weight: 400;\">Vice President - Building Energy Services<\/span>, <\/span><strong>Veolia<\/strong><\/p>\n<\/div>\n                <\/figcaption>\n            <\/figure>\n        <\/div>\n                                    <div class=\"wp-block-image portrait-cercle col-2 margin-bottom\">\n            <figure class=\"aligncenter size-full\">\n                <img width=\"200\" height=\"200\" src=\"https:\/\/www.pionniers.veolia.com\/en\/wp-content\/uploads\/2023\/10\/sketch_dinghem-200x200.png\" class=\"attachment-thumbnail size-thumbnail wp-post-image\" alt=\"\" decoding=\"async\" \/>                <figcaption class=\"wp-element-caption\">\n                    <p class=\"bold no-margin\">S\u00e9verine Dinghem<\/p>\n                    <div class=\"description\"><p><span data-sheets-value=\"{&quot;1&quot;:2,&quot;2&quot;:&quot;Directrice du Soutien aux M\u00e9tiers et de la Performance&quot;}\" data-sheets-userformat=\"{&quot;2&quot;:12418,&quot;4&quot;:{&quot;1&quot;:2,&quot;2&quot;:14281427},&quot;10&quot;:2,&quot;15&quot;:&quot;Arial&quot;,&quot;16&quot;:11}\"><span style=\"font-weight: 400;\">Director of Support to Business and Performance<\/span>, <\/span><strong>Veolia<\/strong><\/p>\n<\/div>\n                <\/figcaption>\n            <\/figure>\n        <\/div>\n                    \n\n\n\n<div class=\"wp-block-group margin-bottom is-layout-constrained wp-block-group-is-layout-constrained\"><div class=\"wp-block-group__inner-container\">\n<div class=\"wp-block-buttons is-content-justification-center is-layout-flex wp-container-18 wp-block-buttons-is-layout-flex\">\n<div class=\"wp-block-button cap\"><a class=\"wp-block-button__link wp-element-button\" href=\"https:\/\/www.pionniers.veolia.com\/en\/contributors\/\"><strong>See more<\/strong><\/a><\/div>\n<\/div>\n<\/div><\/div>\n<\/div>\n<\/div>\n<\/div><\/div>\n\n\n\n<div class=\"wp-block-group fond-gris padding-top padding-bottom is-layout-constrained wp-block-group-is-layout-constrained\"><div class=\"wp-block-group__inner-container\">\n<div class=\"wp-block-columns container is-layout-flex wp-container-30 wp-block-columns-is-layout-flex\">\n<div class=\"wp-block-column is-layout-flow wp-block-column-is-layout-flow\">\n<h2 class=\"wp-block-heading has-text-align-center col-12 titre-page cap extra margin-top padding-top filet-titre\">Do you want to keep writing the story?<\/h2>\n\n\n\n<div style=\"height:30px\" aria-hidden=\"true\" class=\"wp-block-spacer\"><\/div>\n\n\n\n<div class=\"wp-block-group margin-bottom is-layout-constrained wp-block-group-is-layout-constrained\"><div class=\"wp-block-group__inner-container\">\n<div class=\"wp-block-columns is-layout-flex wp-container-27 wp-block-columns-is-layout-flex\">\n<div class=\"wp-block-column is-layout-flow wp-block-column-is-layout-flow\">\n<p class=\"has-text-align-center\" style=\"font-size:24px\"><strong>TALENTS<\/strong><\/p>\n\n\n<div class=\"wp-block-image\">\n<figure class=\"aligncenter size-thumbnail\"><img decoding=\"async\" loading=\"lazy\" width=\"200\" height=\"200\" src=\"https:\/\/www.pionniers.veolia.com\/en\/wp-content\/uploads\/2023\/10\/White-Employees-NC-blue-1-200x200.png\" alt=\"\" class=\"wp-image-1830\" style=\"object-fit:cover\" srcset=\"https:\/\/www.pionniers.veolia.com\/en\/wp-content\/uploads\/2023\/10\/White-Employees-NC-blue-1-200x200.png 200w, https:\/\/www.pionniers.veolia.com\/en\/wp-content\/uploads\/2023\/10\/White-Employees-NC-blue-1.png 270w\" sizes=\"(max-width: 200px) 100vw, 200px\" \/><\/figure><\/div>\n\n\n<div style=\"height:40px\" aria-hidden=\"true\" class=\"wp-block-spacer\"><\/div>\n\n\n\n<div class=\"wp-block-buttons is-content-justification-center is-layout-flex wp-container-23 wp-block-buttons-is-layout-flex\">\n<div class=\"wp-block-button cap\"><a class=\"wp-block-button__link wp-element-button\" href=\"https:\/\/jobs.veolia.com\/en\/\" target=\"_blank\" rel=\"noreferrer noopener\"><strong>Discover our career pages<\/strong><\/a><\/div>\n<\/div>\n<\/div>\n\n\n\n<div class=\"wp-block-column is-layout-flow wp-block-column-is-layout-flow\">\n<p class=\"has-text-align-center\" style=\"font-size:24px\"><strong>CLIENTS<\/strong><\/p>\n\n\n<div class=\"wp-block-image\">\n<figure class=\"aligncenter size-full is-resized\"><img decoding=\"async\" src=\"https:\/\/www.pionniers.veolia.com\/en\/wp-content\/uploads\/2023\/10\/veolia-solutions-clients.png\" alt=\"\" class=\"wp-image-2063\" style=\"height:200px\" height=\"200\"\/><\/figure><\/div>\n\n\n<div style=\"height:40px\" aria-hidden=\"true\" class=\"wp-block-spacer\"><\/div>\n\n\n\n<div class=\"wp-block-buttons is-content-justification-center is-layout-flex wp-container-25 wp-block-buttons-is-layout-flex\">\n<div class=\"wp-block-button cap\"><a class=\"wp-block-button__link wp-element-button\" href=\"https:\/\/www.veolia.com\/en\" target=\"_blank\" rel=\"noreferrer noopener\"><strong>Discover our solutions<\/strong><\/a><\/div>\n<\/div>\n<\/div>\n<\/div>\n<\/div><\/div>\n<\/div>\n<\/div>\n<\/div><\/div>\n","protected":false},"excerpt":{"rendered":"<p>Environment at the Core By Gr\u00e9gory Quenet, Environmental historian In 1853, the term \"startup\" did not exist. However, this term describes the new Compagnie g\u00e9n\u00e9rale des eaux exactly: a risky innovation based on the anticipation of new uses for water that had not yet been identified as profitable markets. After 170 years of existence, a [&hellip;]<\/p>\n","protected":false},"author":1,"featured_media":2485,"parent":0,"menu_order":0,"comment_status":"closed","ping_status":"open","template":"","meta":{"footnotes":""},"yoast_head":"<!-- This site is optimized with the Yoast SEO plugin v21.4 - https:\/\/yoast.com\/wordpress\/plugins\/seo\/ -->\n<title>Veolia - Veolia<\/title>\n<meta name=\"robots\" content=\"index, follow, max-snippet:-1, max-image-preview:large, max-video-preview:-1\" \/>\n<link rel=\"canonical\" href=\"https:\/\/www.pionniers.veolia.com\/en\/\" \/>\n<meta property=\"og:locale\" content=\"en_US\" \/>\n<meta property=\"og:type\" content=\"article\" \/>\n<meta property=\"og:title\" content=\"Veolia - Veolia\" \/>\n<meta property=\"og:description\" content=\"Environment at the Core By Gr\u00e9gory Quenet, Environmental historian In 1853, the term &quot;startup&quot; did not exist. However, this term describes the new Compagnie g\u00e9n\u00e9rale des eaux exactly: a risky innovation based on the anticipation of new uses for water that had not yet been identified as profitable markets. After 170 years of existence, a [&hellip;]\" \/>\n<meta property=\"og:url\" content=\"https:\/\/www.pionniers.veolia.com\/en\/\" \/>\n<meta property=\"og:site_name\" content=\"Veolia\" \/>\n<meta property=\"article:modified_time\" content=\"2024-01-12T11:45:04+00:00\" \/>\n<meta property=\"og:image\" content=\"https:\/\/www.pionniers.veolia.com\/en\/wp-content\/uploads\/2024\/01\/fond_header_home_en.jpg\" \/>\n\t<meta property=\"og:image:width\" content=\"1920\" \/>\n\t<meta property=\"og:image:height\" content=\"954\" \/>\n\t<meta property=\"og:image:type\" content=\"image\/jpeg\" \/>\n<meta name=\"twitter:card\" content=\"summary_large_image\" \/>\n<meta name=\"twitter:label1\" content=\"Est. reading time\" \/>\n\t<meta name=\"twitter:data1\" content=\"2 minutes\" \/>\n<script type=\"application\/ld+json\" class=\"yoast-schema-graph\">{\"@context\":\"https:\/\/schema.org\",\"@graph\":[{\"@type\":\"WebPage\",\"@id\":\"https:\/\/www.pionniers.veolia.com\/en\/\",\"url\":\"https:\/\/www.pionniers.veolia.com\/en\/\",\"name\":\"Veolia - Veolia\",\"isPartOf\":{\"@id\":\"https:\/\/www.pionniers.veolia.com\/en\/#website\"},\"datePublished\":\"2023-09-07T15:47:44+00:00\",\"dateModified\":\"2024-01-12T11:45:04+00:00\",\"inLanguage\":\"en-US\",\"potentialAction\":[{\"@type\":\"ReadAction\",\"target\":[\"https:\/\/www.pionniers.veolia.com\/en\/\"]}]},{\"@type\":\"WebSite\",\"@id\":\"https:\/\/www.pionniers.veolia.com\/en\/#website\",\"url\":\"https:\/\/www.pionniers.veolia.com\/en\/\",\"name\":\"Veolia\",\"description\":\"\",\"publisher\":{\"@id\":\"https:\/\/www.pionniers.veolia.com\/en\/#organization\"},\"potentialAction\":[{\"@type\":\"SearchAction\",\"target\":{\"@type\":\"EntryPoint\",\"urlTemplate\":\"https:\/\/www.pionniers.veolia.com\/en\/?s={search_term_string}\"},\"query-input\":\"required name=search_term_string\"}],\"inLanguage\":\"en-US\"},{\"@type\":\"Organization\",\"@id\":\"https:\/\/www.pionniers.veolia.com\/en\/#organization\",\"name\":\"Veolia\",\"url\":\"https:\/\/www.pionniers.veolia.com\/en\/\",\"logo\":{\"@type\":\"ImageObject\",\"inLanguage\":\"en-US\",\"@id\":\"https:\/\/www.pionniers.veolia.com\/en\/#\/schema\/logo\/image\/\",\"url\":\"https:\/\/www.pionniers.veolia.com\/en\/wp-content\/uploads\/2023\/09\/logo_veolia.svg\",\"contentUrl\":\"https:\/\/www.pionniers.veolia.com\/en\/wp-content\/uploads\/2023\/09\/logo_veolia.svg\",\"caption\":\"Veolia\"},\"image\":{\"@id\":\"https:\/\/www.pionniers.veolia.com\/en\/#\/schema\/logo\/image\/\"}}]}<\/script>\n<!-- \/ Yoast SEO plugin. -->","yoast_head_json":{"title":"Veolia - Veolia","robots":{"index":"index","follow":"follow","max-snippet":"max-snippet:-1","max-image-preview":"max-image-preview:large","max-video-preview":"max-video-preview:-1"},"canonical":"https:\/\/www.pionniers.veolia.com\/en\/","og_locale":"en_US","og_type":"article","og_title":"Veolia - Veolia","og_description":"Environment at the Core By Gr\u00e9gory Quenet, Environmental historian In 1853, the term \"startup\" did not exist. However, this term describes the new Compagnie g\u00e9n\u00e9rale des eaux exactly: a risky innovation based on the anticipation of new uses for water that had not yet been identified as profitable markets. After 170 years of existence, a [&hellip;]","og_url":"https:\/\/www.pionniers.veolia.com\/en\/","og_site_name":"Veolia","article_modified_time":"2024-01-12T11:45:04+00:00","og_image":[{"width":1920,"height":954,"url":"https:\/\/www.pionniers.veolia.com\/en\/wp-content\/uploads\/2024\/01\/fond_header_home_en.jpg","type":"image\/jpeg"}],"twitter_card":"summary_large_image","twitter_misc":{"Est. reading time":"2 minutes"},"schema":{"@context":"https:\/\/schema.org","@graph":[{"@type":"WebPage","@id":"https:\/\/www.pionniers.veolia.com\/en\/","url":"https:\/\/www.pionniers.veolia.com\/en\/","name":"Veolia - Veolia","isPartOf":{"@id":"https:\/\/www.pionniers.veolia.com\/en\/#website"},"datePublished":"2023-09-07T15:47:44+00:00","dateModified":"2024-01-12T11:45:04+00:00","inLanguage":"en-US","potentialAction":[{"@type":"ReadAction","target":["https:\/\/www.pionniers.veolia.com\/en\/"]}]},{"@type":"WebSite","@id":"https:\/\/www.pionniers.veolia.com\/en\/#website","url":"https:\/\/www.pionniers.veolia.com\/en\/","name":"Veolia","description":"","publisher":{"@id":"https:\/\/www.pionniers.veolia.com\/en\/#organization"},"potentialAction":[{"@type":"SearchAction","target":{"@type":"EntryPoint","urlTemplate":"https:\/\/www.pionniers.veolia.com\/en\/?s={search_term_string}"},"query-input":"required name=search_term_string"}],"inLanguage":"en-US"},{"@type":"Organization","@id":"https:\/\/www.pionniers.veolia.com\/en\/#organization","name":"Veolia","url":"https:\/\/www.pionniers.veolia.com\/en\/","logo":{"@type":"ImageObject","inLanguage":"en-US","@id":"https:\/\/www.pionniers.veolia.com\/en\/#\/schema\/logo\/image\/","url":"https:\/\/www.pionniers.veolia.com\/en\/wp-content\/uploads\/2023\/09\/logo_veolia.svg","contentUrl":"https:\/\/www.pionniers.veolia.com\/en\/wp-content\/uploads\/2023\/09\/logo_veolia.svg","caption":"Veolia"},"image":{"@id":"https:\/\/www.pionniers.veolia.com\/en\/#\/schema\/logo\/image\/"}}]}},"_links":{"self":[{"href":"https:\/\/www.pionniers.veolia.com\/en\/wp-json\/wp\/v2\/pages\/2"}],"collection":[{"href":"https:\/\/www.pionniers.veolia.com\/en\/wp-json\/wp\/v2\/pages"}],"about":[{"href":"https:\/\/www.pionniers.veolia.com\/en\/wp-json\/wp\/v2\/types\/page"}],"author":[{"embeddable":true,"href":"https:\/\/www.pionniers.veolia.com\/en\/wp-json\/wp\/v2\/users\/1"}],"replies":[{"embeddable":true,"href":"https:\/\/www.pionniers.veolia.com\/en\/wp-json\/wp\/v2\/comments?post=2"}],"version-history":[{"count":149,"href":"https:\/\/www.pionniers.veolia.com\/en\/wp-json\/wp\/v2\/pages\/2\/revisions"}],"predecessor-version":[{"id":2541,"href":"https:\/\/www.pionniers.veolia.com\/en\/wp-json\/wp\/v2\/pages\/2\/revisions\/2541"}],"wp:featuredmedia":[{"embeddable":true,"href":"https:\/\/www.pionniers.veolia.com\/en\/wp-json\/wp\/v2\/media\/2485"}],"wp:attachment":[{"href":"https:\/\/www.pionniers.veolia.com\/en\/wp-json\/wp\/v2\/media?parent=2"}],"curies":[{"name":"wp","href":"https:\/\/api.w.org\/{rel}","templated":true}]}}