{"id":1854,"date":"2023-10-25T10:09:54","date_gmt":"2023-10-25T08:09:54","guid":{"rendered":"https:\/\/www.pionniers.veolia.com\/es\/?page_id=1854"},"modified":"2024-02-12T19:12:08","modified_gmt":"2024-02-12T18:12:08","slug":"politica-privacidad","status":"publish","type":"page","link":"https:\/\/www.pionniers.veolia.com\/es\/politica-privacidad\/","title":{"rendered":"POL\u00cdTICA DE PRIVACIDAD"},"content":{"rendered":"\n<div class=\"wp-block-group is-layout-constrained wp-block-group-is-layout-constrained\"><div class=\"wp-block-group__inner-container\">\n<div class=\"wp-block-columns container is-layout-flex wp-container-2 wp-block-columns-is-layout-flex\">\n<div class=\"wp-block-column is-layout-flow wp-block-column-is-layout-flow\">\n<h2 class=\"wp-block-heading soustitre-page cap surfilet-titre margin-top margin-bottom\">POL\u00cdTICA DE PRIVACIDAD<\/h2>\n\n\n\n<p>La presente pol\u00edtica de privacidad (en adelante, la \"<strong>Pol\u00edtica<\/strong>\") tiene como objetivo informar a los visitantes o usuarios (en adelante, el \"<strong>Usuario<\/strong>\") del sitio web<a href=\"http:\/\/www.pionniers.veolia.com\/\"> www.pionniers.veolia.com<\/a> (en adelante, el \"Sitio\") sobre las modalidades de protecci\u00f3n de sus datos personales de acuerdo con la Ley n\u00b078-17 del 6 de enero de 1978 relativa a la inform\u00e1tica, los archivos y las libertades tal como fue modificada por la ley del 20 de junio de 2018, el Decreto de aplicaci\u00f3n N\u00b02019-536 del 29 de mayo de 2019 y el Reglamento n\u00b02016-679 del 27 de abril de 2016 relativo a la protecci\u00f3n de las personas f\u00edsicas en lo que respecta al tratamiento de datos personales y a la libre circulaci\u00f3n de estos datos (en adelante, colectivamente, la \"<strong>Regulaci\u00f3n<\/strong>\").<\/p>\n\n\n\n<p>El editor del Sitio es la empresa, VEOLIA ENVIRONNEMENT SA, una sociedad an\u00f3nima con un capital de 3.576.919.375 euros registrada en el RCS de Par\u00eds bajo el n\u00famero 403.210.032, con sede social en 21, rue la Bo\u00e9tie - 75008 Par\u00eds, Francia (en adelante, el \"Editor\").<\/p>\n\n\n\n<p>La Pol\u00edtica puede ser modificada en cualquier momento por Veolia, con el fin de cumplir con todas las evoluciones reglamentarias, jurisprudenciales, editoriales o t\u00e9cnicas.<\/p>\n\n\n\n<p>Esta Pol\u00edtica de Privacidad es parte integral de las Condiciones Generales de Uso del Sitio.<\/p>\n\n\n\n<p>Las modalidades de recogida y tratamiento de la informaci\u00f3n obtenida mediante cookies se encuentran en la \"<strong>Pol\u00edtica de Cookies<\/strong>\".<\/p>\n\n\n\n<p><strong>Identificaci\u00f3n del responsable del tratamiento<\/strong><\/p>\n\n\n\n<p>El responsable del tratamiento de los datos personales del Usuario es el editor.<\/p>\n\n\n\n<p><strong>Descripci\u00f3n de los tratamientos<\/strong><\/p>\n\n\n\n<p>En el marco de la explotaci\u00f3n del Sitio, el Editor puede recoger y tratar datos personales para permitir al Usuario acceder a las funcionalidades y servicios propuestos por el Sitio (en adelante, los \"<strong>Servicios<\/strong>\").<\/p>\n\n\n\n<ol>\n<li>\u00bfCu\u00e1les son las categor\u00edas de datos recogidos?<\/li>\n<\/ol>\n\n\n\n<p>- <strong>Datos publicados voluntariamente por el Usuario:<\/strong> se refiere a la informaci\u00f3n personal que el Usuario comunica voluntariamente al Editor utilizando las redes sociales para compartir el contenido del sitio o para seguir las cuentas de Veolia en las redes sociales (en adelante, \"<strong>Datos publicados<\/strong>\").<\/p>\n\n\n\n<p>Todos estos datos se designan colectivamente en adelante como los \"<strong>Datos<\/strong>\".<\/p>\n\n\n\n<ol start=\"2\">\n<li>\u00bfPor qu\u00e9 el Editor recoge los Datos del Usuario?<\/li>\n<\/ol>\n\n\n\n<p>Los Datos se recogen con el fin de <em>asegurar el correcto funcionamiento del sitio web, as\u00ed como su correcta administraci\u00f3n.<\/em><\/p>\n\n\n\n<ol start=\"3\">\n<li>\u00bfEn qu\u00e9 bases legales se basan los tratamientos de los Datos del Usuario?<\/li>\n<\/ol>\n\n\n\n<p>Los tratamientos de Datos s\u00f3lo son legales si se basan en una de las bases legales definidas por la Regulaci\u00f3n. En el marco de la explotaci\u00f3n del Sitio, los tratamientos se basan en las siguientes bases legales:<\/p>\n\n\n\n<p>- el inter\u00e9s leg\u00edtimo de Veolia.<\/p>\n\n\n\n<p>- el consentimiento obtenido mediante una casilla de verificaci\u00f3n.<\/p>\n\n\n\n<ol start=\"4\">\n<li>Destinatarios de los Datos recogidos<\/li>\n<\/ol>\n\n\n\n<p>Los Datos recogidos est\u00e1n destinados a los servicios internos de la entidad responsable del tratamiento.<\/p>\n\n\n\n<p>Puede ser, por ejemplo, el departamento de \"Comunicaci\u00f3n\", el personal de Veolia a cargo de la publicaci\u00f3n de contenidos y de la administraci\u00f3n t\u00e9cnica del Sitio, y su jerarqu\u00eda, los proveedores autorizados, los Usuarios del Sitio, el personal a cargo del control de la seguridad de los sistemas de informaci\u00f3n de Veolia.<\/p>\n\n\n\n<p>Los destinatarios internos tambi\u00e9n pueden ser entidades del Grupo Veolia ubicadas en la Uni\u00f3n Europea (UE) o fuera de la UE, entendiendo que cualquier transferencia de Datos fuera de la UE se realizar\u00e1 en las condiciones del art\u00edculo \"<strong>Transferencia de Datos fuera de la Uni\u00f3n Europea<\/strong>\" a continuaci\u00f3n.<\/p>\n\n\n\n<p>Cada filial destinataria podr\u00e1, seg\u00fan el caso, ser subcontratista o responsable del tratamiento de los Datos comunicados.<\/p>\n\n\n\n<p>Los Datos tambi\u00e9n podr\u00e1n ser transferidos\/utilizados por terceros en las siguientes condiciones:<\/p>\n\n\n\n<p><strong>- Datos transferidos a las autoridades y\/o organismos p\u00fablicos<\/strong><\/p>\n\n\n\n<p>De acuerdo con la Regulaci\u00f3n en vigor, los Datos pueden ser transmitidos a las autoridades competentes a petici\u00f3n y en particular a los organismos p\u00fablicos, exclusivamente para cumplir con las obligaciones legales, los auxiliares de justicia, los oficiales ministeriales y los organismos encargados de la recuperaci\u00f3n de deudas, as\u00ed como en el caso de la b\u00fasqueda de los autores de infracciones cometidas en Internet.<\/p>\n\n\n\n<p>- <strong>Datos comunicados a terceros<\/strong><\/p>\n\n\n\n<p>Los Datos podr\u00e1n ser comunicados o hechos accesibles a los subcontratistas, proveedores y prestadores externos del Editor (tales como el alojador del Sitio, los proveedores de servicios inform\u00e1ticos y\/o t\u00e9cnicos de Veolia).<\/p>\n\n\n\n<p>- <strong>Redes sociales<\/strong><\/p>\n\n\n\n<p>El Usuario tiene la posibilidad de compartir las p\u00e1ginas que le interesan en las redes sociales haciendo clic en los botones de compartir. La recogida de informaci\u00f3n por los botones de compartir de las redes sociales est\u00e1 sujeta a las pol\u00edticas de privacidad de estos terceros y a nuestra pol\u00edtica de cookies. Le invitamos a leer las pol\u00edticas de estas redes sociales para conocer el uso que se hace de los datos personales que le conciernen.<\/p>\n\n\n\n<p><strong>Ejercicio de los derechos del usuario<\/strong><\/p>\n\n\n\n<p>De acuerdo con la Regulaci\u00f3n, todo Usuario persona f\u00edsica tiene derecho de acceso, rectificaci\u00f3n, supresi\u00f3n y limitaci\u00f3n de los Datos que le conciernen.<\/p>\n\n\n\n<p>Para todos los tratamientos realizados en el marco del Sitio y s\u00f3lo en este marco, independientemente de la Entidad responsable del tratamiento, el Usuario puede ejercer sus derechos,<\/p>\n\n\n\n<p>- escribiendo a dpo.vesa@veolia.com o<\/p>\n\n\n\n<p>por correo a: Veolia - Direcci\u00f3n de Comunicaci\u00f3n, 30, rue Madeleine-Vionnet, 93300 Aubervilliers<\/p>\n\n\n\n<p>mediante el env\u00edo de un justificante de identidad, o cualquier otro documento oficial que haga fe.<\/p>\n\n\n\n<p>En caso de dificultad en relaci\u00f3n con la gesti\u00f3n de sus Datos personales por parte del Editor, el Usuario puede contactar con el Delegado de Protecci\u00f3n de Datos de Veolia (direcci\u00f3n de correo electr\u00f3nico: dpo.vesa@veolia.com). Si la respuesta del DPO no le satisface, el Usuario puede presentar una reclamaci\u00f3n ante la autoridad de protecci\u00f3n competente en la siguiente direcci\u00f3n: CNIL - 3, place de Fontenoy - TSA 80715 - 75334 Paris Cedex 07.<\/p>\n\n\n\n<p>El Editor recuerda que el Usuario puede, por motivos leg\u00edtimos, oponerse al tratamiento de los Datos que le conciernen.<\/p>\n\n\n\n<p>Cuando el tratamiento se basa en el consentimiento, el Usuario tiene la posibilidad de retirar su consentimiento en cualquier momento enviando un correo electr\u00f3nico a dpo.vesa@veolia.com<\/p>\n\n\n\n<p>Se especifica que si el Usuario ejerce algunos de sus derechos mencionados anteriormente, el Editor podr\u00eda encontrarse en la incapacidad de realizar las acciones necesarias para alcanzar los fines descritos anteriormente, o el Usuario podr\u00eda no ser capaz de utilizar todo o parte de los Servicios.<\/p>\n\n\n\n<p>El Editor tiene la obligaci\u00f3n de mantener actualizados los Datos recogidos de los Usuarios. Por lo tanto, se recomienda al Usuario informar al Editor de cualquier cambio que le concierna envi\u00e1ndole un correo electr\u00f3nico a la siguiente direcci\u00f3n: dpo.vesa@veolia.com<\/p>\n\n\n\n<p><strong>Duraci\u00f3n de conservaci\u00f3n y archivo de los datos<\/strong><\/p>\n\n\n\n<p>Los Datos de los Usuarios no se conservar\u00e1n m\u00e1s all\u00e1 del tiempo estrictamente necesario para los fines perseguidos tal como se enuncian en el presente y de acuerdo con la Regulaci\u00f3n.<\/p>\n\n\n\n<p>En este sentido:<\/p>\n\n\n\n<p>- Los datos recogidos en las redes sociales se conservan por un m\u00e1ximo de 25 meses a partir de la activaci\u00f3n de las Cookies por el Usuario en el sitio web.<\/p>\n\n\n\n<p>Los Datos se conservan en archivo intermedio para permitir a Veolia defenderse en caso de posibles acciones judiciales o con fines de prevenci\u00f3n y detecci\u00f3n de delitos penales, con el fin de permitir la puesta a disposici\u00f3n de estos Datos a la autoridad judicial.<\/p>\n\n\n\n<p>Al finalizar el per\u00edodo de archivo intermedio, los Datos del Usuario ser\u00e1n definitivamente eliminados.<\/p>\n\n\n\n<p>Adem\u00e1s, el Editor puede conservar los Datos de manera permanentemente an\u00f3nima, con el fin de producir estudios estad\u00edsticos. En ning\u00fan caso estos estudios permiten identificar a los Usuarios, y s\u00f3lo se refieren a tendencias derivadas de sus Datos agregados.<\/p>\n\n\n\n<p><strong>Seguridad<\/strong><\/p>\n\n\n\n<p>El Editor toma medidas adecuadas en el plano t\u00e9cnico y organizacional para garantizar la seguridad de los Datos y prohibir el acceso no autorizado o la divulgaci\u00f3n de los Datos del Usuario. Sin embargo, el Editor no puede garantizar la eliminaci\u00f3n de todo riesgo de desv\u00edo, alteraci\u00f3n, reproducci\u00f3n il\u00edcita o uso indebido de los Datos.<\/p>\n\n\n\n<p>La base de Datos constituida en ocasi\u00f3n del registro de Datos de un Usuario es estrictamente confidencial. Veolia se compromete a tomar todas las precauciones \u00fatiles, medidas organizativas y t\u00e9cnicas apropiadas para preservar la seguridad, la integridad y la confidencialidad de los Datos y, en particular, para evitar que sean deformados, da\u00f1ados o que terceros no autorizados tengan acceso a ellos.<\/p>\n<\/div>\n<\/div>\n<\/div><\/div>\n\n\n\n<div style=\"height:100px\" aria-hidden=\"true\" class=\"wp-block-spacer\"><\/div>\n","protected":false},"excerpt":{"rendered":"<p>POL\u00cdTICA DE PRIVACIDAD La presente pol\u00edtica de privacidad (en adelante, la \"Pol\u00edtica\") tiene como objetivo informar a los visitantes o usuarios (en adelante, el \"Usuario\") del sitio web www.pionniers.veolia.com (en adelante, el \"Sitio\") sobre las modalidades de protecci\u00f3n de sus datos personales de acuerdo con la Ley n\u00b078-17 del 6 de enero de 1978 relativa [&hellip;]<\/p>\n","protected":false},"author":1,"featured_media":0,"parent":0,"menu_order":0,"comment_status":"closed","ping_status":"closed","template":"","meta":{"footnotes":""},"yoast_head":"<!-- This site is optimized with the Yoast SEO plugin v21.4 - https:\/\/yoast.com\/wordpress\/plugins\/seo\/ -->\n<title>POL\u00cdTICA DE PRIVACIDAD - Veolia<\/title>\n<meta name=\"robots\" content=\"index, follow, max-snippet:-1, max-image-preview:large, max-video-preview:-1\" \/>\n<link rel=\"canonical\" href=\"https:\/\/www.pionniers.veolia.com\/es\/politica-privacidad\/\" \/>\n<meta property=\"og:locale\" content=\"es_ES\" \/>\n<meta property=\"og:type\" content=\"article\" \/>\n<meta property=\"og:title\" content=\"POL\u00cdTICA DE PRIVACIDAD - Veolia\" \/>\n<meta property=\"og:description\" content=\"POL\u00cdTICA DE PRIVACIDAD La presente pol\u00edtica de privacidad (en adelante, la &quot;Pol\u00edtica&quot;) tiene como objetivo informar a los visitantes o usuarios (en adelante, el &quot;Usuario&quot;) del sitio web www.pionniers.veolia.com (en adelante, el &quot;Sitio&quot;) sobre las modalidades de protecci\u00f3n de sus datos personales de acuerdo con la Ley n\u00b078-17 del 6 de enero de 1978 relativa [&hellip;]\" \/>\n<meta property=\"og:url\" content=\"https:\/\/www.pionniers.veolia.com\/es\/politica-privacidad\/\" \/>\n<meta property=\"og:site_name\" content=\"Veolia\" \/>\n<meta property=\"article:modified_time\" content=\"2024-02-12T18:12:08+00:00\" \/>\n<meta name=\"twitter:card\" content=\"summary_large_image\" \/>\n<meta name=\"twitter:label1\" content=\"Est. reading time\" \/>\n\t<meta name=\"twitter:data1\" content=\"7 minutos\" \/>\n<script type=\"application\/ld+json\" class=\"yoast-schema-graph\">{\"@context\":\"https:\/\/schema.org\",\"@graph\":[{\"@type\":\"WebPage\",\"@id\":\"https:\/\/www.pionniers.veolia.com\/es\/politica-privacidad\/\",\"url\":\"https:\/\/www.pionniers.veolia.com\/es\/politica-privacidad\/\",\"name\":\"POL\u00cdTICA DE PRIVACIDAD - Veolia\",\"isPartOf\":{\"@id\":\"https:\/\/www.pionniers.veolia.com\/es\/#website\"},\"datePublished\":\"2023-10-25T08:09:54+00:00\",\"dateModified\":\"2024-02-12T18:12:08+00:00\",\"inLanguage\":\"es\",\"potentialAction\":[{\"@type\":\"ReadAction\",\"target\":[\"https:\/\/www.pionniers.veolia.com\/es\/politica-privacidad\/\"]}]},{\"@type\":\"WebSite\",\"@id\":\"https:\/\/www.pionniers.veolia.com\/es\/#website\",\"url\":\"https:\/\/www.pionniers.veolia.com\/es\/\",\"name\":\"Veolia\",\"description\":\"\",\"publisher\":{\"@id\":\"https:\/\/www.pionniers.veolia.com\/es\/#organization\"},\"potentialAction\":[{\"@type\":\"SearchAction\",\"target\":{\"@type\":\"EntryPoint\",\"urlTemplate\":\"https:\/\/www.pionniers.veolia.com\/es\/?s={search_term_string}\"},\"query-input\":\"required name=search_term_string\"}],\"inLanguage\":\"es\"},{\"@type\":\"Organization\",\"@id\":\"https:\/\/www.pionniers.veolia.com\/es\/#organization\",\"name\":\"Veolia\",\"url\":\"https:\/\/www.pionniers.veolia.com\/es\/\",\"logo\":{\"@type\":\"ImageObject\",\"inLanguage\":\"es\",\"@id\":\"https:\/\/www.pionniers.veolia.com\/es\/#\/schema\/logo\/image\/\",\"url\":\"https:\/\/www.pionniers.veolia.com\/es\/wp-content\/uploads\/2023\/09\/logo_veolia.svg\",\"contentUrl\":\"https:\/\/www.pionniers.veolia.com\/es\/wp-content\/uploads\/2023\/09\/logo_veolia.svg\",\"caption\":\"Veolia\"},\"image\":{\"@id\":\"https:\/\/www.pionniers.veolia.com\/es\/#\/schema\/logo\/image\/\"}}]}<\/script>\n<!-- \/ Yoast SEO plugin. -->","yoast_head_json":{"title":"POL\u00cdTICA DE PRIVACIDAD - Veolia","robots":{"index":"index","follow":"follow","max-snippet":"max-snippet:-1","max-image-preview":"max-image-preview:large","max-video-preview":"max-video-preview:-1"},"canonical":"https:\/\/www.pionniers.veolia.com\/es\/politica-privacidad\/","og_locale":"es_ES","og_type":"article","og_title":"POL\u00cdTICA DE PRIVACIDAD - Veolia","og_description":"POL\u00cdTICA DE PRIVACIDAD La presente pol\u00edtica de privacidad (en adelante, la \"Pol\u00edtica\") tiene como objetivo informar a los visitantes o usuarios (en adelante, el \"Usuario\") del sitio web www.pionniers.veolia.com (en adelante, el \"Sitio\") sobre las modalidades de protecci\u00f3n de sus datos personales de acuerdo con la Ley n\u00b078-17 del 6 de enero de 1978 relativa [&hellip;]","og_url":"https:\/\/www.pionniers.veolia.com\/es\/politica-privacidad\/","og_site_name":"Veolia","article_modified_time":"2024-02-12T18:12:08+00:00","twitter_card":"summary_large_image","twitter_misc":{"Est. reading time":"7 minutos"},"schema":{"@context":"https:\/\/schema.org","@graph":[{"@type":"WebPage","@id":"https:\/\/www.pionniers.veolia.com\/es\/politica-privacidad\/","url":"https:\/\/www.pionniers.veolia.com\/es\/politica-privacidad\/","name":"POL\u00cdTICA DE PRIVACIDAD - Veolia","isPartOf":{"@id":"https:\/\/www.pionniers.veolia.com\/es\/#website"},"datePublished":"2023-10-25T08:09:54+00:00","dateModified":"2024-02-12T18:12:08+00:00","inLanguage":"es","potentialAction":[{"@type":"ReadAction","target":["https:\/\/www.pionniers.veolia.com\/es\/politica-privacidad\/"]}]},{"@type":"WebSite","@id":"https:\/\/www.pionniers.veolia.com\/es\/#website","url":"https:\/\/www.pionniers.veolia.com\/es\/","name":"Veolia","description":"","publisher":{"@id":"https:\/\/www.pionniers.veolia.com\/es\/#organization"},"potentialAction":[{"@type":"SearchAction","target":{"@type":"EntryPoint","urlTemplate":"https:\/\/www.pionniers.veolia.com\/es\/?s={search_term_string}"},"query-input":"required name=search_term_string"}],"inLanguage":"es"},{"@type":"Organization","@id":"https:\/\/www.pionniers.veolia.com\/es\/#organization","name":"Veolia","url":"https:\/\/www.pionniers.veolia.com\/es\/","logo":{"@type":"ImageObject","inLanguage":"es","@id":"https:\/\/www.pionniers.veolia.com\/es\/#\/schema\/logo\/image\/","url":"https:\/\/www.pionniers.veolia.com\/es\/wp-content\/uploads\/2023\/09\/logo_veolia.svg","contentUrl":"https:\/\/www.pionniers.veolia.com\/es\/wp-content\/uploads\/2023\/09\/logo_veolia.svg","caption":"Veolia"},"image":{"@id":"https:\/\/www.pionniers.veolia.com\/es\/#\/schema\/logo\/image\/"}}]}},"_links":{"self":[{"href":"https:\/\/www.pionniers.veolia.com\/es\/wp-json\/wp\/v2\/pages\/1854"}],"collection":[{"href":"https:\/\/www.pionniers.veolia.com\/es\/wp-json\/wp\/v2\/pages"}],"about":[{"href":"https:\/\/www.pionniers.veolia.com\/es\/wp-json\/wp\/v2\/types\/page"}],"author":[{"embeddable":true,"href":"https:\/\/www.pionniers.veolia.com\/es\/wp-json\/wp\/v2\/users\/1"}],"replies":[{"embeddable":true,"href":"https:\/\/www.pionniers.veolia.com\/es\/wp-json\/wp\/v2\/comments?post=1854"}],"version-history":[{"count":9,"href":"https:\/\/www.pionniers.veolia.com\/es\/wp-json\/wp\/v2\/pages\/1854\/revisions"}],"predecessor-version":[{"id":2552,"href":"https:\/\/www.pionniers.veolia.com\/es\/wp-json\/wp\/v2\/pages\/1854\/revisions\/2552"}],"wp:attachment":[{"href":"https:\/\/www.pionniers.veolia.com\/es\/wp-json\/wp\/v2\/media?parent=1854"}],"curies":[{"name":"wp","href":"https:\/\/api.w.org\/{rel}","templated":true}]}}