{"id":1926,"date":"2023-10-25T10:08:24","date_gmt":"2023-10-25T08:08:24","guid":{"rendered":"https:\/\/www.pionniers.veolia.com\/es\/?page_id=1926"},"modified":"2024-01-15T17:39:16","modified_gmt":"2024-01-15T16:39:16","slug":"politica-cookies","status":"publish","type":"page","link":"https:\/\/www.pionniers.veolia.com\/es\/politica-cookies\/","title":{"rendered":"POL\u00cdTICA DE COOKIES"},"content":{"rendered":"\n<div class=\"wp-block-group is-layout-constrained wp-block-group-is-layout-constrained\"><div class=\"wp-block-group__inner-container\">\n<div class=\"wp-block-columns container is-layout-flex wp-container-2 wp-block-columns-is-layout-flex\">\n<div class=\"wp-block-column is-layout-flow wp-block-column-is-layout-flow\">\n<h2 class=\"wp-block-heading soustitre-page cap surfilet-titre margin-top margin-bottom\"><br>POL\u00cdTICA DE COOKIES<\/h2>\n\n\n\n<p>La presente Pol\u00edtica de Cookies (\"<strong>Pol\u00edtica de Cookies<\/strong>\") le proporciona la informaci\u00f3n que necesita para entender c\u00f3mo recopilamos, utilizamos y compartimos su informaci\u00f3n cuando visita nuestro sitio web www.pionniers.veolia.com y cualquiera de sus p\u00e1ginas, por ejemplo: www.pionniers.veolia.com\/eau (en adelante, \"<strong>nuestro sitio<\/strong>\" o \"<strong>el sitio<\/strong>\").<\/p>\n\n\n\n<p>\"<strong>Soluci\u00f3n de gesti\u00f3n de consentimiento de cookies<\/strong>\" se refiere a la plataforma de gesti\u00f3n de cookies Didomi.<\/p>\n\n\n\n<p>\"<strong>Cookies<\/strong>\" se refiere a las cookies mencionadas en los art\u00edculos 2 y 3 a continuaci\u00f3n.<\/p>\n\n\n\n<p>\"<strong>Nosotros<\/strong>\" se refiere a Veolia Environnement SA y la compa\u00f1\u00eda mencionada en la secci\u00f3n 1, seg\u00fan corresponda, actuando como editor (\"<strong>el Edito<\/strong>r\").<\/p>\n\n\n\n<p>\"<strong>Terceros<\/strong>\" se refiere a una persona que no es usted ni nosotros.<\/p>\n\n\n\n<p>\"<strong>Usuario<\/strong>\" se refiere a los visitantes o usuarios del sitio web.<\/p>\n\n\n\n<p>\"<strong>RGPD<\/strong>\" se refiere al Reglamento General de Protecci\u00f3n de Datos 2016\/679 del 27 de abril de 2016 relativo a la protecci\u00f3n de las personas f\u00edsicas en lo que respecta al tratamiento de datos personales y a la libre circulaci\u00f3n de estos datos, y que deroga la Directiva 95\/46\/CE.<\/p>\n\n\n\n<p>Esta Pol\u00edtica de Cookies puede ser actualizada en cualquier momento, especialmente en caso de cambios en la normativa aplicable.<\/p>\n\n\n\n<p>Nuestra Pol\u00edtica de Privacidad puede ser consultada aqu\u00ed: https:\/\/www.pionniers.veolia.com\/politique-confidentialite\/, y le proporcionar\u00e1 m\u00e1s detalles sobre la siguiente informaci\u00f3n principal:<\/p>\n\n\n\n<p>- Qu\u00e9 datos son procesados por Veolia y con qu\u00e9 prop\u00f3sitos.<\/p>\n\n\n\n<p>- Seguridad de los datos<\/p>\n\n\n\n<p>- Cu\u00e1les son sus derechos bajo el RGPD y c\u00f3mo ejercerlos.<\/p>\n\n\n\n<p>El aviso legal (\"<strong>Aviso Legal<\/strong>\") de nuestro sitio web puede ser consultado en este enlace: https:\/\/www.pionniers.veolia.com\/mentions-legales\/.<\/p>\n\n\n\n<p><strong>1. \u00bfQui\u00e9nes somos y c\u00f3mo gestionamos nuestro sitio web?<\/strong><\/p>\n\n\n\n<p>Administramos nuestro sitio web a trav\u00e9s de nuestro proveedor de servicios que se encarga del webmastering del contenido, ADN Studio, ubicado en 13 rue Chapon, 75003 Par\u00eds.<\/p>\n\n\n\n<p>El tipo de cookies que utilizamos y sus respectivos objetivos se detallan a continuaci\u00f3n.<\/p>\n\n\n\n<p><strong>2. \u00bfQu\u00e9 son las cookies?<\/strong><\/p>\n\n\n\n<p>Las cookies o rastreadores son peque\u00f1os archivos de texto inform\u00e1ticos que se depositan o leen en su ordenador, tableta o tel\u00e9fono m\u00f3vil cuando visita un sitio web. Las cookies significan que el sitio web recordar\u00e1 qui\u00e9n es usted y c\u00f3mo ha utilizado el sitio cada vez que regrese.<\/p>\n\n\n\n<p><strong>3. \u00bfQu\u00e9 cookies utilizamos?<\/strong><\/p>\n\n\n\n<p><strong>3.1 - Cookies estrictamente necesarias - Siempre activadas<\/strong><\/p>\n\n\n\n<p>Las cookies estrictamente necesarias s\u00f3lo est\u00e1n destinadas a permitir o facilitar el acceso al sitio web. Estas cookies son necesarias para el funcionamiento del sitio web y no pueden ser desactivadas en nuestros sistemas. Normalmente se establecen en respuesta a acciones realizadas por usted que equivalen a una solicitud de servicios, como el ajuste de sus preferencias de privacidad, la conexi\u00f3n o el llenado de formularios. Puede configurar su navegador para bloquear estas cookies o alertarle sobre ellas, pero algunas partes del sitio no funcionar\u00e1n. Estas cookies no est\u00e1n sujetas al consentimiento previo del Usuario ya que no almacenan datos personales.<\/p>\n\n\n\n<p><strong>3.2 - Cookies de marketing - Siempre desactivadas y sujetas a su consentimiento.<\/strong><\/p>\n\n\n\n<p>Las cookies de marketing permiten:<\/p>\n\n\n\n<p>- medir el rendimiento del sitio web<\/p>\n\n\n\n<p>- detectar problemas de navegaci\u00f3n<\/p>\n\n\n\n<p>- organizar el contenido<\/p>\n\n\n\n<p>- recopilar y comunicar informaci\u00f3n de forma an\u00f3nima, para entender c\u00f3mo los Usuarios que han dado su consentimiento interact\u00faan con su sitio web (secciones y contenidos visitados, recorrido en el sitio) con el fin de establecer estad\u00edsticas de frecuencia y detectar posibles errores.<\/p>\n\n\n\n<p>Estas cookies tambi\u00e9n permiten identificar la informaci\u00f3n del sitio que m\u00e1s interesa al Usuario, para adaptar el sitio al Usuario y la relevancia de los mensajes que pueden serle enviados.<\/p>\n\n\n\n<p>Los datos generados por estas cookies incluyen:<\/p>\n\n\n\n<p>- sus visitas al sitio web;<\/p>\n\n\n\n<p>- su direcci\u00f3n IP para determinar la ciudad desde la que se realiza la conexi\u00f3n.<\/p>\n\n\n\n<p><strong>3.3 - Cookies de preferencias - Siempre desactivadas y sujetas a su consentimiento<\/strong><\/p>\n\n\n\n<p>Las cookies de preferencia permiten a nuestro sitio web darle acceso a contenidos personalizados o dirigir la publicidad en funci\u00f3n de su consentimiento.<\/p>\n\n\n\n<p>El Editor tambi\u00e9n puede utilizar algunos servicios ofrecidos por sitios de terceros para permitir a los Usuarios compartir el contenido del sitio en sus redes sociales o seguir las cuentas de Veolia France en las redes sociales. Esto incluye el bot\u00f3n de compartir (LinkedIn, X, y Facebook) y las listas de tweets (X).<\/p>\n\n\n\n<p>Las cookies de redes sociales mencionadas anteriormente son gestionadas por el editor del sitio de la red social. Se recomienda al Usuario que consulte la pol\u00edtica de gesti\u00f3n de cookies de las redes sociales mencionadas en los sitios web correspondientes:<\/p>\n\n\n\n<p>- LinkedIn: https:\/\/www.linkedin.com\/legal\/cookie-policy<\/p>\n\n\n\n<p>- X (Twitter): https:\/\/help.twitter.com\/fr\/rules-and-policies\/twitter-cookies<\/p>\n\n\n\n<p>- Facebook: https:\/\/www.facebook.com\/policies\/cookies\/<\/p>\n\n\n\n<p>Si usted da su consentimiento, estos terceros pueden recopilar sus datos de navegaci\u00f3n y utilizar los datos recopilados a trav\u00e9s de sus cookies para los fines que ellos han determinado de acuerdo a su propia pol\u00edtica de protecci\u00f3n de la privacidad.<\/p>\n\n\n\n<p><strong>Inventario de cookies<\/strong><\/p>\n\n\n\n<p>Puede consultar nuestro inventario de cookies a continuaci\u00f3n:<\/p>\n\n\n\n<figure class=\"wp-block-table\"><table class=\"has-fixed-layout\"><tbody><tr><td><strong>Categor\u00eda de cookies<\/strong><\/td><td><strong>Nombre de la cookie<\/strong><\/td><td><strong>Dominio<\/strong><\/td><td><strong>Prop\u00f3sito<\/strong><\/td><td><strong>Duraci\u00f3n<\/strong><\/td><td><strong>Base legal<\/strong><\/td><\/tr><tr><td>Cookies estad\u00edsticas<\/td><td>beyable<\/td><td>beyable.com<\/td><td>Cookie de Beyable Analytics para medir la audiencia<\/td><td>13 meses<\/td><td>Sujeto a consentimiento<\/td><\/tr><tr><td>Terceros o redes sociales<\/td><td>AcastLangi18next.translate.boo<\/td><td>acast.com<\/td><td>Cookie de la plataforma de difusi\u00f3n Acast<\/td><td>Duraci\u00f3n de la sesi\u00f3n<\/td><td>Sujeto a consentimiento<\/td><\/tr><tr><td>Terceros o redes sociales<\/td><td>YSC<\/td><td>youtube.com<\/td><td>Cookie para la reproducci\u00f3n de contenido incrustado desde Youtube<\/td><td>Duraci\u00f3n de la sesi\u00f3n<\/td><td>Sujeto a consentimiento<\/td><\/tr><\/tbody><\/table><\/figure>\n\n\n\n<div style=\"height:30px\" aria-hidden=\"true\" class=\"wp-block-spacer\"><\/div>\n\n\n\n<div id=\"beyable_analyticsES\"><\/div>\n\n\n\n<div style=\"height:30px\" aria-hidden=\"true\" class=\"wp-block-spacer\"><\/div>\n\n\n\n<p><strong>5. \u00bfCu\u00e1l es la duraci\u00f3n m\u00e1xima de las cookies?<\/strong><\/p>\n\n\n\n<p><strong>5.1 Per\u00edodo de conservaci\u00f3n de las cookies<\/strong><\/p>\n\n\n\n<p>Las cookies pueden ser conservadas por un per\u00edodo m\u00e1ximo de trece (13) meses a partir de la fecha del consentimiento del Usuario. Las duraciones de conservaci\u00f3n de cada cookie se detallan anteriormente.<\/p>\n\n\n\n<p><strong>5.2 Per\u00edodo de conservaci\u00f3n para la informaci\u00f3n recopilada a trav\u00e9s de cookies<\/strong><\/p>\n\n\n\n<p>Al expirar la cookie, los datos recopilados a trav\u00e9s de esta cookie ser\u00e1n eliminados o anonimizados dependiendo de la naturaleza de la cookie.<\/p>\n\n\n\n<p>La informaci\u00f3n recopilada a trav\u00e9s de las cookies es conservada por el Editor por un per\u00edodo m\u00e1ximo de 25 meses.<\/p>\n\n\n\n<p><strong>6. \u00bfC\u00f3mo puede controlar y eliminar las cookies?<\/strong><\/p>\n\n\n\n<p><strong>6.1 Soluci\u00f3n de gesti\u00f3n de consentimientos para cookies<\/strong><\/p>\n\n\n\n<p>Las cookies estrictamente necesarias no pueden ser eliminadas ni desactivadas. La funcionalidad t\u00e9cnica de nuestro sitio web depende de estas cookies. La herramienta de gesti\u00f3n de consentimientos para cookies que utilizamos no puede bloquear las cookies de los sitios web de terceros vinculados a nuestro sitio web, ya que no podemos controlar t\u00e9cnicamente estos sitios web.<\/p>\n\n\n\n<p>Con la excepci\u00f3n de las \"cookies estrictamente necesarias\" mencionadas anteriormente que no pueden ser desactivadas, la instalaci\u00f3n de todos los otros tipos de cookies est\u00e1 sujeta al consentimiento previo del Usuario.<\/p>\n\n\n\n<p>Nuestra soluci\u00f3n de gesti\u00f3n de consentimientos para cookies puede ser utilizada para personalizar sus elecciones en materia de cookies. Esta herramienta registrar\u00e1 en tiempo real sus preferencias en cuanto a cookies y solicitar\u00e1 el consentimiento cada 6 meses, para asegurarse de que los Usuarios se mantengan al d\u00eda con los cambios en nuestro aviso sobre cookies. Con nuestra soluci\u00f3n de gesti\u00f3n de consentimientos para cookies, usted puede decidir si desea dar su consentimiento para la lectura o la instalaci\u00f3n de cookies de marketing o de preferencias en su terminal cuando navegue por nuestro sitio web. Tambi\u00e9n puede eliminar o bloquear estas cookies.<\/p>\n\n\n\n<p>Cuando el Usuario visita nuestro sitio web por primera vez, se muestra una bandera de informaci\u00f3n sobre cookies. Entonces, el Usuario puede aceptar\/activar o rechazar\/desactivar la instalaci\u00f3n de cookies a trav\u00e9s de la bandera de informaci\u00f3n, marcando\/desmarcando las casillas proporcionadas para este prop\u00f3sito. Con la excepci\u00f3n de la casilla relativa a las \"cookies estrictamente necesarias\", las dem\u00e1s casillas est\u00e1n desmarcadas por defecto. Cualquier desactivaci\u00f3n resulta en el rechazo de la instalaci\u00f3n de las cookies en cuesti\u00f3n.<\/p>\n\n\n\n<p>Al continuar navegando por el sitio o al hacer clic en un elemento del sitio, el Usuario valida la instalaci\u00f3n de cookies seg\u00fan la configuraci\u00f3n por defecto.<\/p>\n\n\n\n<p>Si el Usuario acepta la grabaci\u00f3n de cookies en su terminal, las cookies integradas en las p\u00e1ginas y contenidos que ha consultado ser\u00e1n almacenadas temporalmente en un espacio dedicado de su terminal. S\u00f3lo ser\u00e1n legibles por el remitente.<\/p>\n\n\n\n<p>El rechazo de las cookies no estrictamente necesarias no puede resultar en una restricci\u00f3n de acceso a nuestro sitio web.<\/p>\n\n\n\n<p>Las elecciones del Usuario (consentimiento o rechazo) respecto a las cookies se conservar\u00e1n durante un per\u00edodo de 6 meses. Una vez transcurrido este plazo, se volver\u00e1 a solicitar la elecci\u00f3n del Usuario durante una nueva visita a este sitio.<\/p>\n\n\n\n<p>En cualquier momento, el Usuario puede retirar su consentimiento o modificar sus elecciones en relaci\u00f3n con las cookies haciendo clic en el enlace \"Gesti\u00f3n de cookies\" accesible en todas las p\u00e1ginas de nuestro sitio.<\/p>\n\n\n\n<p><strong>6.2 El navegador de internet<\/strong><\/p>\n\n\n\n<p>Para desactivar las cookies a trav\u00e9s de su navegador, siga las instrucciones que generalmente se encuentran en los men\u00fas \"Ayuda\", \"Herramientas\" o \"Edici\u00f3n\" de su navegador. Tenga en cuenta que la desactivaci\u00f3n de una cookie o de una categor\u00eda de cookies no elimina la cookie de su navegador. A continuaci\u00f3n encontrar\u00e1 c\u00f3mo controlar las cookies de los navegadores m\u00e1s utilizados en el sitio web dedicado del editor:<\/p>\n\n\n\n<p><strong>Safari&nbsp;: <\/strong><\/p>\n\n\n\n<p><a href=\"https:\/\/support.apple.com\/guide\/safari\/manage-cookies-sfri11471\/mac\">https:\/\/support.apple.com\/guide\/safari\/manage-cookies-sfri11471\/mac<\/a><\/p>\n\n\n\n<p><strong>Microsoft:<\/strong><\/p>\n\n\n\n<p><a href=\"https:\/\/support.microsoft.com\/en-us\/windows\/delete-and-manage-cookies-168dab11-0753-043d-7c16-ede5947fc64d\">https:\/\/support.microsoft.com\/en-us\/windows\/delete-and-manage-cookies-168dab11-0753-043d-7c16-ede5947fc64d<\/a><\/p>\n\n\n\n<p><strong>Google chrome:<\/strong><\/p>\n\n\n\n<p><a href=\"https:\/\/support.google.com\/accounts\/answer\/61416?hl=en&amp;co=GENIE.Platform%3DAndroid\">https:\/\/support.google.com\/accounts\/answer\/61416?hl=en&amp;co=GENIE.Platform%3DAndroid<\/a><\/p>\n\n\n\n<p><strong>Firefox&nbsp;: cliquez sur le lien <\/strong><a href=\"https:\/\/support.mozilla.org\/fr\/kb\/cookies-informations-sites-enregistrent?redirectlocale=fr&amp;redirectslug=G%C3%A9rer+les+cookies\"><strong>Firefox - Mozilla - Support<\/strong><\/a><strong>.<\/strong><\/p>\n\n\n\n<p>Advertencia:<\/p>\n\n\n\n<p>Su decisi\u00f3n de aceptar o rechazar las cookies est\u00e1 basada en una o m\u00e1s cookies. Si elimina las cookies integradas en nuestro sitio, Veolia no sabr\u00e1 lo que ha decidido y durante su pr\u00f3xima visita a uno de nuestros sitios, tendr\u00e1 que hacer su elecci\u00f3n de nuevo. Tambi\u00e9n tendr\u00e1 que repetir su elecci\u00f3n si utiliza otros navegadores u otros equipos como una tableta o un smartphone.<\/p>\n\n\n\n<p><strong>7. \u00bfC\u00f3mo puede obtener informaci\u00f3n adicional o ejercer sus derechos?<\/strong><\/p>\n\n\n\n<p><strong>7.1 Contactando directamente a Veolia<\/strong><\/p>\n\n\n\n<p>Para las cookies internas instaladas por nuestro sitio web de las que somos responsables, Veolia invita a los Usuarios a contactar a data.regulation@veolia.com.<\/p>\n\n\n\n<p>Para ejercer sus derechos sobre los datos recopilados directamente por nosotros, debe contactar a nuestro DPO en dpo.vesa@veolia.com.<\/p>\n\n\n\n<p><strong>7.2 Contactando directamente a los emisores de terceros<\/strong><\/p>\n\n\n\n<p>Para las cookies instaladas por nuestro sitio web pero provenientes de nuestros terceros, Veolia invita a los Usuarios a contactar directamente a los emisores a trav\u00e9s de sus sitios web para obtener informaci\u00f3n sobre sus cookies.<\/p>\n\n\n\n<p>Para ejercer sus derechos sobre los datos recopilados a trav\u00e9s de las cookies de terceros o para cualquier pregunta relacionada con su tratamiento, debe dirigirse directamente al editor competente.<\/p>\n\n\n\n<p><strong>7.3 Para obtener m\u00e1s informaci\u00f3n, tambi\u00e9n puede consultar el sitio de la CNIL: <\/strong>https:\/\/www.cnil.fr\/fr\/cookies-et-autres-traceurs<\/p>\n<\/div>\n<\/div>\n<\/div><\/div>\n\n\n\n<div style=\"height:100px\" aria-hidden=\"true\" class=\"wp-block-spacer\"><\/div>\n","protected":false},"excerpt":{"rendered":"<p>POL\u00cdTICA DE COOKIES La presente Pol\u00edtica de Cookies (\"Pol\u00edtica de Cookies\") le proporciona la informaci\u00f3n que necesita para entender c\u00f3mo recopilamos, utilizamos y compartimos su informaci\u00f3n cuando visita nuestro sitio web www.pionniers.veolia.com y cualquiera de sus p\u00e1ginas, por ejemplo: www.pionniers.veolia.com\/eau (en adelante, \"nuestro sitio\" o \"el sitio\"). \"Soluci\u00f3n de gesti\u00f3n de consentimiento de cookies\" se [&hellip;]<\/p>\n","protected":false},"author":1,"featured_media":0,"parent":0,"menu_order":0,"comment_status":"closed","ping_status":"closed","template":"","meta":{"footnotes":""},"yoast_head":"<!-- This site is optimized with the Yoast SEO plugin v21.4 - https:\/\/yoast.com\/wordpress\/plugins\/seo\/ -->\n<title>POL\u00cdTICA DE COOKIES - Veolia<\/title>\n<meta name=\"robots\" content=\"index, follow, max-snippet:-1, max-image-preview:large, max-video-preview:-1\" \/>\n<link rel=\"canonical\" href=\"https:\/\/www.pionniers.veolia.com\/es\/politica-cookies\/\" \/>\n<meta property=\"og:locale\" content=\"es_ES\" \/>\n<meta property=\"og:type\" content=\"article\" \/>\n<meta property=\"og:title\" content=\"POL\u00cdTICA DE COOKIES - Veolia\" \/>\n<meta property=\"og:description\" content=\"POL\u00cdTICA DE COOKIES La presente Pol\u00edtica de Cookies (&quot;Pol\u00edtica de Cookies&quot;) le proporciona la informaci\u00f3n que necesita para entender c\u00f3mo recopilamos, utilizamos y compartimos su informaci\u00f3n cuando visita nuestro sitio web www.pionniers.veolia.com y cualquiera de sus p\u00e1ginas, por ejemplo: www.pionniers.veolia.com\/eau (en adelante, &quot;nuestro sitio&quot; o &quot;el sitio&quot;). &quot;Soluci\u00f3n de gesti\u00f3n de consentimiento de cookies&quot; se [&hellip;]\" \/>\n<meta property=\"og:url\" content=\"https:\/\/www.pionniers.veolia.com\/es\/politica-cookies\/\" \/>\n<meta property=\"og:site_name\" content=\"Veolia\" \/>\n<meta property=\"article:modified_time\" content=\"2024-01-15T16:39:16+00:00\" \/>\n<meta name=\"twitter:card\" content=\"summary_large_image\" \/>\n<meta name=\"twitter:label1\" content=\"Est. reading time\" \/>\n\t<meta name=\"twitter:data1\" content=\"8 minutos\" \/>\n<script type=\"application\/ld+json\" class=\"yoast-schema-graph\">{\"@context\":\"https:\/\/schema.org\",\"@graph\":[{\"@type\":\"WebPage\",\"@id\":\"https:\/\/www.pionniers.veolia.com\/es\/politica-cookies\/\",\"url\":\"https:\/\/www.pionniers.veolia.com\/es\/politica-cookies\/\",\"name\":\"POL\u00cdTICA DE COOKIES - Veolia\",\"isPartOf\":{\"@id\":\"https:\/\/www.pionniers.veolia.com\/es\/#website\"},\"datePublished\":\"2023-10-25T08:08:24+00:00\",\"dateModified\":\"2024-01-15T16:39:16+00:00\",\"inLanguage\":\"es\",\"potentialAction\":[{\"@type\":\"ReadAction\",\"target\":[\"https:\/\/www.pionniers.veolia.com\/es\/politica-cookies\/\"]}]},{\"@type\":\"WebSite\",\"@id\":\"https:\/\/www.pionniers.veolia.com\/es\/#website\",\"url\":\"https:\/\/www.pionniers.veolia.com\/es\/\",\"name\":\"Veolia\",\"description\":\"\",\"publisher\":{\"@id\":\"https:\/\/www.pionniers.veolia.com\/es\/#organization\"},\"potentialAction\":[{\"@type\":\"SearchAction\",\"target\":{\"@type\":\"EntryPoint\",\"urlTemplate\":\"https:\/\/www.pionniers.veolia.com\/es\/?s={search_term_string}\"},\"query-input\":\"required name=search_term_string\"}],\"inLanguage\":\"es\"},{\"@type\":\"Organization\",\"@id\":\"https:\/\/www.pionniers.veolia.com\/es\/#organization\",\"name\":\"Veolia\",\"url\":\"https:\/\/www.pionniers.veolia.com\/es\/\",\"logo\":{\"@type\":\"ImageObject\",\"inLanguage\":\"es\",\"@id\":\"https:\/\/www.pionniers.veolia.com\/es\/#\/schema\/logo\/image\/\",\"url\":\"https:\/\/www.pionniers.veolia.com\/es\/wp-content\/uploads\/2023\/09\/logo_veolia.svg\",\"contentUrl\":\"https:\/\/www.pionniers.veolia.com\/es\/wp-content\/uploads\/2023\/09\/logo_veolia.svg\",\"caption\":\"Veolia\"},\"image\":{\"@id\":\"https:\/\/www.pionniers.veolia.com\/es\/#\/schema\/logo\/image\/\"}}]}<\/script>\n<!-- \/ Yoast SEO plugin. -->","yoast_head_json":{"title":"POL\u00cdTICA DE COOKIES - Veolia","robots":{"index":"index","follow":"follow","max-snippet":"max-snippet:-1","max-image-preview":"max-image-preview:large","max-video-preview":"max-video-preview:-1"},"canonical":"https:\/\/www.pionniers.veolia.com\/es\/politica-cookies\/","og_locale":"es_ES","og_type":"article","og_title":"POL\u00cdTICA DE COOKIES - Veolia","og_description":"POL\u00cdTICA DE COOKIES La presente Pol\u00edtica de Cookies (\"Pol\u00edtica de Cookies\") le proporciona la informaci\u00f3n que necesita para entender c\u00f3mo recopilamos, utilizamos y compartimos su informaci\u00f3n cuando visita nuestro sitio web www.pionniers.veolia.com y cualquiera de sus p\u00e1ginas, por ejemplo: www.pionniers.veolia.com\/eau (en adelante, \"nuestro sitio\" o \"el sitio\"). \"Soluci\u00f3n de gesti\u00f3n de consentimiento de cookies\" se [&hellip;]","og_url":"https:\/\/www.pionniers.veolia.com\/es\/politica-cookies\/","og_site_name":"Veolia","article_modified_time":"2024-01-15T16:39:16+00:00","twitter_card":"summary_large_image","twitter_misc":{"Est. reading time":"8 minutos"},"schema":{"@context":"https:\/\/schema.org","@graph":[{"@type":"WebPage","@id":"https:\/\/www.pionniers.veolia.com\/es\/politica-cookies\/","url":"https:\/\/www.pionniers.veolia.com\/es\/politica-cookies\/","name":"POL\u00cdTICA DE COOKIES - Veolia","isPartOf":{"@id":"https:\/\/www.pionniers.veolia.com\/es\/#website"},"datePublished":"2023-10-25T08:08:24+00:00","dateModified":"2024-01-15T16:39:16+00:00","inLanguage":"es","potentialAction":[{"@type":"ReadAction","target":["https:\/\/www.pionniers.veolia.com\/es\/politica-cookies\/"]}]},{"@type":"WebSite","@id":"https:\/\/www.pionniers.veolia.com\/es\/#website","url":"https:\/\/www.pionniers.veolia.com\/es\/","name":"Veolia","description":"","publisher":{"@id":"https:\/\/www.pionniers.veolia.com\/es\/#organization"},"potentialAction":[{"@type":"SearchAction","target":{"@type":"EntryPoint","urlTemplate":"https:\/\/www.pionniers.veolia.com\/es\/?s={search_term_string}"},"query-input":"required name=search_term_string"}],"inLanguage":"es"},{"@type":"Organization","@id":"https:\/\/www.pionniers.veolia.com\/es\/#organization","name":"Veolia","url":"https:\/\/www.pionniers.veolia.com\/es\/","logo":{"@type":"ImageObject","inLanguage":"es","@id":"https:\/\/www.pionniers.veolia.com\/es\/#\/schema\/logo\/image\/","url":"https:\/\/www.pionniers.veolia.com\/es\/wp-content\/uploads\/2023\/09\/logo_veolia.svg","contentUrl":"https:\/\/www.pionniers.veolia.com\/es\/wp-content\/uploads\/2023\/09\/logo_veolia.svg","caption":"Veolia"},"image":{"@id":"https:\/\/www.pionniers.veolia.com\/es\/#\/schema\/logo\/image\/"}}]}},"_links":{"self":[{"href":"https:\/\/www.pionniers.veolia.com\/es\/wp-json\/wp\/v2\/pages\/1926"}],"collection":[{"href":"https:\/\/www.pionniers.veolia.com\/es\/wp-json\/wp\/v2\/pages"}],"about":[{"href":"https:\/\/www.pionniers.veolia.com\/es\/wp-json\/wp\/v2\/types\/page"}],"author":[{"embeddable":true,"href":"https:\/\/www.pionniers.veolia.com\/es\/wp-json\/wp\/v2\/users\/1"}],"replies":[{"embeddable":true,"href":"https:\/\/www.pionniers.veolia.com\/es\/wp-json\/wp\/v2\/comments?post=1926"}],"version-history":[{"count":14,"href":"https:\/\/www.pionniers.veolia.com\/es\/wp-json\/wp\/v2\/pages\/1926\/revisions"}],"predecessor-version":[{"id":2515,"href":"https:\/\/www.pionniers.veolia.com\/es\/wp-json\/wp\/v2\/pages\/1926\/revisions\/2515"}],"wp:attachment":[{"href":"https:\/\/www.pionniers.veolia.com\/es\/wp-json\/wp\/v2\/media?parent=1926"}],"curies":[{"name":"wp","href":"https:\/\/api.w.org\/{rel}","templated":true}]}}