{"id":2,"date":"2023-09-07T17:47:44","date_gmt":"2023-09-07T15:47:44","guid":{"rendered":"http:\/\/www.pionniers.veolia.com\/es\/?page_id=2"},"modified":"2024-01-12T10:41:58","modified_gmt":"2024-01-12T09:41:58","slug":"page-d-exemple","status":"publish","type":"page","link":"https:\/\/www.pionniers.veolia.com\/es\/","title":{"rendered":"Veolia"},"content":{"rendered":"\n<div class=\"wp-block-group fond-gris is-layout-constrained wp-block-group-is-layout-constrained\"><div class=\"wp-block-group__inner-container\">\n<div class=\"wp-block-columns container is-layout-flex wp-container-7 wp-block-columns-is-layout-flex\">\n<div class=\"wp-block-column row is-layout-flow wp-block-column-is-layout-flow\">\n<h1 class=\"wp-block-heading has-text-align-center col-12 titre-page cap extra margin-top padding-top\">El medio ambiente en el coraz\u00f3n<\/h1>\n\n\n\n<p class=\"has-text-align-center baseline col-12 medium filet-titre\"><em>Por Gr\u00e9gory Quenet, Historiador del medio ambiente<\/em><\/p>\n\n\n\n<div class=\"wp-block-columns is-layout-flex wp-container-3 wp-block-columns-is-layout-flex\">\n<div class=\"wp-block-column is-layout-flow wp-block-column-is-layout-flow\" style=\"flex-basis:33.33%\"><div class=\"wp-block-image\">\n<figure class=\"aligncenter size-full is-resized\"><img decoding=\"async\" loading=\"lazy\" src=\"https:\/\/www.pionniers.veolia.com\/es\/wp-content\/uploads\/2023\/10\/gregory-quenet-2.png\" alt=\"\" class=\"wp-image-725\" style=\"object-fit:contain;width:240px;height:240px\" width=\"240\" height=\"240\"\/><\/figure><\/div><\/div>\n\n\n\n<div class=\"wp-block-column is-layout-flow wp-block-column-is-layout-flow\" style=\"flex-basis:66.66%\">\n<p class=\"light\">En 1853, la palabra \u00abstartup\u00bb no exist\u00eda. Pero es precisamente de lo que se trata con la creaci\u00f3n de la Compagnie G\u00e9n\u00e9rale des Eaux: una innovaci\u00f3n arriesgada basada en la anticipaci\u00f3n de nuevos usos que no se identifican como un mercado rentable.<\/p>\n<\/div>\n<\/div>\n\n\n\n<div class=\"wp-block-group col-12 margin-bottom is-layout-constrained wp-block-group-is-layout-constrained\"><div class=\"wp-block-group__inner-container\">\n<div class=\"wp-block-buttons is-content-justification-center is-layout-flex wp-container-4 wp-block-buttons-is-layout-flex\">\n<div class=\"wp-block-button cap\"><a class=\"wp-block-button__link wp-element-button\" href=\"https:\/\/www.pionniers.veolia.com\/es\/le-manifeste\/\"><strong>Leer m\u00e1s<\/strong><\/a><\/div>\n<\/div>\n<\/div><\/div>\n<\/div>\n<\/div>\n<\/div><\/div>\n\n\n\n<div class=\"wp-block-group background-image fond-bleu padding-top padding-bottom is-layout-constrained wp-block-group-is-layout-constrained\"><div class=\"wp-block-group__inner-container\">\n<div class=\"wp-block-columns container is-layout-flex wp-container-16 wp-block-columns-is-layout-flex\">\n<div class=\"wp-block-column row is-layout-flow wp-block-column-is-layout-flow\">\n<div class=\"wp-block-group col-10 card fond-blanc margin-top margin-bottom is-layout-constrained wp-block-group-is-layout-constrained\"><div class=\"wp-block-group__inner-container\">\n<h2 class=\"wp-block-heading has-text-align-left soustitre-page cap extra surfilet-titre\">Una aventura apasionante<\/h2>\n\n\n\n<div style=\"height:30px\" aria-hidden=\"true\" class=\"wp-block-spacer\"><\/div>\n\n\n\n<div class=\"wp-block-columns is-layout-flex wp-container-11 wp-block-columns-is-layout-flex\">\n<div class=\"wp-block-column is-layout-flow wp-block-column-is-layout-flow\" style=\"flex-basis:33.33%\"><div class=\"wp-block-image\">\n<figure class=\"aligncenter size-full\"><img decoding=\"async\" loading=\"lazy\" width=\"678\" height=\"604\" src=\"https:\/\/www.pionniers.veolia.com\/es\/wp-content\/uploads\/2023\/10\/estelle-brachlianoff.png\" alt=\"\" class=\"wp-image-720\" srcset=\"https:\/\/www.pionniers.veolia.com\/es\/wp-content\/uploads\/2023\/10\/estelle-brachlianoff.png 678w, https:\/\/www.pionniers.veolia.com\/es\/wp-content\/uploads\/2023\/10\/estelle-brachlianoff-300x267.png 300w\" sizes=\"(max-width: 678px) 100vw, 678px\" \/><\/figure><\/div><\/div>\n\n\n\n<div class=\"wp-block-column is-layout-flow wp-block-column-is-layout-flow\" style=\"flex-basis:66.66%\">\n<p><strong>Por Estelle Brachlianoff, <\/strong><br><strong>Directora general de Veolia<\/strong><\/p>\n\n\n\n<p class=\"light\">En 1853, la primera tienda grande parisina apenas hab\u00eda abierto sus puertas. Al cine a\u00fan le faltaba mucho tiempo para nacer. Era la \u00e9poca de los primeros ferrocarriles, el a\u00f1o en que, despu\u00e9s de una votaci\u00f3n de sus estatutos y la obtenci\u00f3n de su primer contrato, un decreto firmado por el emperador franc\u00e9s Napole\u00f3n III autorizar\u00eda, el 14 de diciembre, la creaci\u00f3n de la Compagnie G\u00e9n\u00e9rale des Eaux.<br><br>La Compagnie G\u00e9n\u00e9rale des Eaux, nacida en el coraz\u00f3n de la primera revoluci\u00f3n industrial, se convertir\u00eda a\u00f1o tras a\u00f1o, d\u00e9cada tras d\u00e9cada, en uno de los componentes esenciales de lo que hoy conocemos como Veolia.<\/p>\n<\/div>\n<\/div>\n\n\n\n<p><\/p>\n\n\n\n<div class=\"wp-block-group margin-bottom is-layout-constrained wp-block-group-is-layout-constrained\"><div class=\"wp-block-group__inner-container\">\n<div class=\"wp-block-buttons is-content-justification-center is-layout-flex wp-container-12 wp-block-buttons-is-layout-flex\">\n<div class=\"wp-block-button cap\"><a class=\"wp-block-button__link wp-element-button\" href=\"https:\/\/www.pionniers.veolia.com\/es\/edito\/\"><strong><strong>Leer m\u00e1s<\/strong><\/strong><\/a><\/div>\n<\/div>\n<\/div><\/div>\n<\/div><\/div>\n<\/div>\n<\/div>\n<\/div><\/div>\n\n\n\n<div class=\"wp-block-group fond-blanc is-layout-constrained wp-block-group-is-layout-constrained\"><div class=\"wp-block-group__inner-container\">\n<div class=\"wp-block-columns container is-layout-flex wp-container-21 wp-block-columns-is-layout-flex\">\n<div class=\"wp-block-column row is-layout-flow wp-block-column-is-layout-flow\">\n<h2 class=\"wp-block-heading has-text-align-center col-12 titre-page cap extra margin-top padding-top filet-titre\">HAN CONTRIBUIDO<br>A NUESTROS RELATOS<\/h2>\n\n\n                    <div class=\"wp-block-image portrait-cercle col-2 margin-bottom\">\n            <figure class=\"aligncenter size-full\">\n                <img width=\"200\" height=\"200\" src=\"https:\/\/www.pionniers.veolia.com\/es\/wp-content\/uploads\/2023\/10\/sketch_Compagnon-200x200.png\" class=\"attachment-thumbnail size-thumbnail wp-post-image\" alt=\"\" decoding=\"async\" \/>                <figcaption class=\"wp-element-caption\">\n                    <p class=\"bold no-margin\">Antoine Compagnon<\/p>\n                    <div class=\"description\"><span style=\"font-weight: 400;\">Miembro de la <strong>Academia Francesa<\/strong><\/span><\/div>\n                <\/figcaption>\n            <\/figure>\n        <\/div>\n                                    <div class=\"wp-block-image portrait-cercle col-2 margin-bottom\">\n            <figure class=\"aligncenter size-full\">\n                <img width=\"200\" height=\"200\" src=\"https:\/\/www.pionniers.veolia.com\/es\/wp-content\/uploads\/2023\/10\/sketch_Pezon_2-200x200.png\" class=\"attachment-thumbnail size-thumbnail wp-post-image\" alt=\"\" decoding=\"async\" \/>                <figcaption class=\"wp-element-caption\">\n                    <p class=\"bold no-margin\">Christelle Pezon<\/p>\n                    <div class=\"description\"><p>Profesora, <strong>Conservatoire National des Arts et M\u00e9tiers<\/strong><\/p>\n<\/div>\n                <\/figcaption>\n            <\/figure>\n        <\/div>\n                                    <div class=\"wp-block-image portrait-cercle col-2 margin-bottom\">\n            <figure class=\"aligncenter size-full\">\n                <img width=\"200\" height=\"200\" src=\"https:\/\/www.pionniers.veolia.com\/es\/wp-content\/uploads\/2023\/10\/sketch_thual-200x200.png\" class=\"attachment-thumbnail size-thumbnail wp-post-image\" alt=\"\" decoding=\"async\" srcset=\"https:\/\/www.pionniers.veolia.com\/es\/wp-content\/uploads\/2023\/10\/sketch_thual-200x200.png 200w, https:\/\/www.pionniers.veolia.com\/es\/wp-content\/uploads\/2023\/10\/sketch_thual-300x300.png 300w, https:\/\/www.pionniers.veolia.com\/es\/wp-content\/uploads\/2023\/10\/sketch_thual.png 436w\" sizes=\"(max-width: 200px) 100vw, 200px\" \/>                <figcaption class=\"wp-element-caption\">\n                    <p class=\"bold no-margin\">Julien Thual<\/p>\n                    <div class=\"description\"><p><span style=\"font-weight: 400;\">Ingeniero de Metanizaci\u00f3n<\/span>, <strong>ADEME<\/strong><\/p>\n<\/div>\n                <\/figcaption>\n            <\/figure>\n        <\/div>\n                                    <div class=\"wp-block-image portrait-cercle col-2 margin-bottom\">\n            <figure class=\"aligncenter size-full\">\n                <img width=\"200\" height=\"200\" src=\"https:\/\/www.pionniers.veolia.com\/es\/wp-content\/uploads\/2023\/10\/sketch_pesret-200x200.png\" class=\"attachment-thumbnail size-thumbnail wp-post-image\" alt=\"\" decoding=\"async\" \/>                <figcaption class=\"wp-element-caption\">\n                    <p class=\"bold no-margin\">Anna\u00efg Pesret-Bougaran<\/p>\n                    <div class=\"description\"><p><span data-sheets-value=\"{&quot;1&quot;:2,&quot;2&quot;:&quot;Directrice de Secteur - Arc en Ciel 2034&quot;}\" data-sheets-userformat=\"{&quot;2&quot;:12418,&quot;4&quot;:{&quot;1&quot;:2,&quot;2&quot;:14281427},&quot;10&quot;:2,&quot;15&quot;:&quot;Arial&quot;,&quot;16&quot;:11}\"><span style=\"font-weight: 400;\">Directora de Sector - Arc en Ciel 2034<\/span>, <\/span><strong>Veolia<\/strong><\/p>\n<\/div>\n                <\/figcaption>\n            <\/figure>\n        <\/div>\n                                    <div class=\"wp-block-image portrait-cercle col-2 margin-bottom\">\n            <figure class=\"aligncenter size-full\">\n                <img width=\"200\" height=\"200\" src=\"https:\/\/www.pionniers.veolia.com\/es\/wp-content\/uploads\/2023\/10\/sketch_Silverio_Marques-200x200.png\" class=\"attachment-thumbnail size-thumbnail wp-post-image\" alt=\"\" decoding=\"async\" \/>                <figcaption class=\"wp-element-caption\">\n                    <p class=\"bold no-margin\">Francisco Silverio Marques<\/p>\n                    <div class=\"description\"><p><span data-sheets-value=\"{&quot;1&quot;:2,&quot;2&quot;:&quot;Vice-Pr\u00e9sident - Services \u00e9nerg\u00e9tiques pour les b\u00e2timents&quot;}\" data-sheets-userformat=\"{&quot;2&quot;:12418,&quot;4&quot;:{&quot;1&quot;:2,&quot;2&quot;:14281427},&quot;10&quot;:2,&quot;15&quot;:&quot;Arial&quot;,&quot;16&quot;:11}\"><span style=\"font-weight: 400;\">Vicepresidente - Servicios Energ\u00e9ticos para Edificios, <\/span> <\/span><strong>Veolia<\/strong><\/p>\n<\/div>\n                <\/figcaption>\n            <\/figure>\n        <\/div>\n                                    <div class=\"wp-block-image portrait-cercle col-2 margin-bottom\">\n            <figure class=\"aligncenter size-full\">\n                <img width=\"200\" height=\"200\" src=\"https:\/\/www.pionniers.veolia.com\/es\/wp-content\/uploads\/2023\/10\/sketch_dinghem-200x200.png\" class=\"attachment-thumbnail size-thumbnail wp-post-image\" alt=\"\" decoding=\"async\" \/>                <figcaption class=\"wp-element-caption\">\n                    <p class=\"bold no-margin\">S\u00e9verine Dinghem<\/p>\n                    <div class=\"description\"><p><span data-sheets-value=\"{&quot;1&quot;:2,&quot;2&quot;:&quot;Directrice du Soutien aux M\u00e9tiers et de la Performance&quot;}\" data-sheets-userformat=\"{&quot;2&quot;:12418,&quot;4&quot;:{&quot;1&quot;:2,&quot;2&quot;:14281427},&quot;10&quot;:2,&quot;15&quot;:&quot;Arial&quot;,&quot;16&quot;:11}\"><span style=\"font-weight: 400;\">Directora de Apoyo a los Oficios y Rendimiento<\/span>, <\/span><strong>Veolia<\/strong><\/p>\n<\/div>\n                <\/figcaption>\n            <\/figure>\n        <\/div>\n                    \n\n\n\n<div class=\"wp-block-group margin-bottom is-layout-constrained wp-block-group-is-layout-constrained\"><div class=\"wp-block-group__inner-container\">\n<div class=\"wp-block-buttons is-content-justification-center is-layout-flex wp-container-18 wp-block-buttons-is-layout-flex\">\n<div class=\"wp-block-button cap\"><a class=\"wp-block-button__link wp-element-button\" href=\"https:\/\/www.pionniers.veolia.com\/es\/les-contributeurs\/\"><strong>Ver m\u00e1s<\/strong><\/a><\/div>\n<\/div>\n<\/div><\/div>\n<\/div>\n<\/div>\n<\/div><\/div>\n\n\n\n<div class=\"wp-block-group fond-gris padding-top padding-bottom is-layout-constrained wp-block-group-is-layout-constrained\"><div class=\"wp-block-group__inner-container\">\n<div class=\"wp-block-columns container is-layout-flex wp-container-30 wp-block-columns-is-layout-flex\">\n<div class=\"wp-block-column is-layout-flow wp-block-column-is-layout-flow\">\n<h2 class=\"wp-block-heading has-text-align-center col-12 titre-page cap extra margin-top padding-top filet-titre\">\u00bfTienes ganas de seguir escribiendo la historia?<\/h2>\n\n\n\n<div style=\"height:30px\" aria-hidden=\"true\" class=\"wp-block-spacer\"><\/div>\n\n\n\n<div class=\"wp-block-group margin-bottom is-layout-constrained wp-block-group-is-layout-constrained\"><div class=\"wp-block-group__inner-container\">\n<div class=\"wp-block-columns is-layout-flex wp-container-27 wp-block-columns-is-layout-flex\">\n<div class=\"wp-block-column is-layout-flow wp-block-column-is-layout-flow\">\n<p class=\"has-text-align-center\" style=\"font-size:24px\"><strong>TALENTOS<\/strong><\/p>\n\n\n<div class=\"wp-block-image\">\n<figure class=\"aligncenter size-thumbnail\"><img decoding=\"async\" loading=\"lazy\" width=\"200\" height=\"200\" src=\"https:\/\/www.pionniers.veolia.com\/es\/wp-content\/uploads\/2023\/10\/White-Employees-NC-blue-1-200x200.png\" alt=\"\" class=\"wp-image-1830\" style=\"object-fit:cover\" srcset=\"https:\/\/www.pionniers.veolia.com\/es\/wp-content\/uploads\/2023\/10\/White-Employees-NC-blue-1-200x200.png 200w, https:\/\/www.pionniers.veolia.com\/es\/wp-content\/uploads\/2023\/10\/White-Employees-NC-blue-1.png 270w\" sizes=\"(max-width: 200px) 100vw, 200px\" \/><\/figure><\/div>\n\n\n<div style=\"height:40px\" aria-hidden=\"true\" class=\"wp-block-spacer\"><\/div>\n\n\n\n<div class=\"wp-block-buttons is-content-justification-center is-layout-flex wp-container-23 wp-block-buttons-is-layout-flex\">\n<div class=\"wp-block-button cap\"><a class=\"wp-block-button__link wp-element-button\" href=\"https:\/\/jobs.veolia.com\/es\/\" target=\"_blank\" rel=\"noreferrer noopener\"><strong>Descubre nuestras p\u00e1ginas de carrera<\/strong><\/a><\/div>\n<\/div>\n<\/div>\n\n\n\n<div class=\"wp-block-column is-layout-flow wp-block-column-is-layout-flow\">\n<p class=\"has-text-align-center\" style=\"font-size:24px\"><strong>CLIENTES<\/strong><\/p>\n\n\n<div class=\"wp-block-image\">\n<figure class=\"aligncenter size-full is-resized\"><img decoding=\"async\" src=\"https:\/\/www.pionniers.veolia.com\/es\/wp-content\/uploads\/2023\/10\/veolia-solutions-clients.png\" alt=\"\" class=\"wp-image-2063\" style=\"height:200px\" height=\"200\"\/><\/figure><\/div>\n\n\n<div style=\"height:40px\" aria-hidden=\"true\" class=\"wp-block-spacer\"><\/div>\n\n\n\n<div class=\"wp-block-buttons is-content-justification-center is-layout-flex wp-container-25 wp-block-buttons-is-layout-flex\">\n<div class=\"wp-block-button cap\"><a class=\"wp-block-button__link wp-element-button\" href=\"https:\/\/www.veolia.es\/\" target=\"_blank\" rel=\"noreferrer noopener\"><strong>Descubre nuestras soluciones<\/strong><\/a><\/div>\n<\/div>\n<\/div>\n<\/div>\n<\/div><\/div>\n<\/div>\n<\/div>\n<\/div><\/div>\n","protected":false},"excerpt":{"rendered":"<p>El medio ambiente en el coraz\u00f3n Por Gr\u00e9gory Quenet, Historiador del medio ambiente En 1853, la palabra \u00abstartup\u00bb no exist\u00eda. Pero es precisamente de lo que se trata con la creaci\u00f3n de la Compagnie G\u00e9n\u00e9rale des Eaux: una innovaci\u00f3n arriesgada basada en la anticipaci\u00f3n de nuevos usos que no se identifican como un mercado rentable. [&hellip;]<\/p>\n","protected":false},"author":1,"featured_media":2442,"parent":0,"menu_order":0,"comment_status":"closed","ping_status":"open","template":"","meta":{"footnotes":""},"yoast_head":"<!-- This site is optimized with the Yoast SEO plugin v21.4 - https:\/\/yoast.com\/wordpress\/plugins\/seo\/ -->\n<title>Veolia - Veolia<\/title>\n<meta name=\"robots\" content=\"index, follow, max-snippet:-1, max-image-preview:large, max-video-preview:-1\" \/>\n<link rel=\"canonical\" href=\"https:\/\/www.pionniers.veolia.com\/es\/\" \/>\n<meta property=\"og:locale\" content=\"es_ES\" \/>\n<meta property=\"og:type\" content=\"article\" \/>\n<meta property=\"og:title\" content=\"Veolia - Veolia\" \/>\n<meta property=\"og:description\" content=\"El medio ambiente en el coraz\u00f3n Por Gr\u00e9gory Quenet, Historiador del medio ambiente En 1853, la palabra \u00abstartup\u00bb no exist\u00eda. Pero es precisamente de lo que se trata con la creaci\u00f3n de la Compagnie G\u00e9n\u00e9rale des Eaux: una innovaci\u00f3n arriesgada basada en la anticipaci\u00f3n de nuevos usos que no se identifican como un mercado rentable. [&hellip;]\" \/>\n<meta property=\"og:url\" content=\"https:\/\/www.pionniers.veolia.com\/es\/\" \/>\n<meta property=\"og:site_name\" content=\"Veolia\" \/>\n<meta property=\"article:modified_time\" content=\"2024-01-12T09:41:58+00:00\" \/>\n<meta property=\"og:image\" content=\"https:\/\/www.pionniers.veolia.com\/es\/wp-content\/uploads\/2024\/01\/fond_header_home_es.jpg\" \/>\n\t<meta property=\"og:image:width\" content=\"1920\" \/>\n\t<meta property=\"og:image:height\" content=\"954\" \/>\n\t<meta property=\"og:image:type\" content=\"image\/jpeg\" \/>\n<meta name=\"twitter:card\" content=\"summary_large_image\" \/>\n<meta name=\"twitter:label1\" content=\"Est. reading time\" \/>\n\t<meta name=\"twitter:data1\" content=\"2 minutos\" \/>\n<script type=\"application\/ld+json\" class=\"yoast-schema-graph\">{\"@context\":\"https:\/\/schema.org\",\"@graph\":[{\"@type\":\"WebPage\",\"@id\":\"https:\/\/www.pionniers.veolia.com\/es\/\",\"url\":\"https:\/\/www.pionniers.veolia.com\/es\/\",\"name\":\"Veolia - Veolia\",\"isPartOf\":{\"@id\":\"https:\/\/www.pionniers.veolia.com\/es\/#website\"},\"datePublished\":\"2023-09-07T15:47:44+00:00\",\"dateModified\":\"2024-01-12T09:41:58+00:00\",\"inLanguage\":\"es\",\"potentialAction\":[{\"@type\":\"ReadAction\",\"target\":[\"https:\/\/www.pionniers.veolia.com\/es\/\"]}]},{\"@type\":\"WebSite\",\"@id\":\"https:\/\/www.pionniers.veolia.com\/es\/#website\",\"url\":\"https:\/\/www.pionniers.veolia.com\/es\/\",\"name\":\"Veolia\",\"description\":\"\",\"publisher\":{\"@id\":\"https:\/\/www.pionniers.veolia.com\/es\/#organization\"},\"potentialAction\":[{\"@type\":\"SearchAction\",\"target\":{\"@type\":\"EntryPoint\",\"urlTemplate\":\"https:\/\/www.pionniers.veolia.com\/es\/?s={search_term_string}\"},\"query-input\":\"required name=search_term_string\"}],\"inLanguage\":\"es\"},{\"@type\":\"Organization\",\"@id\":\"https:\/\/www.pionniers.veolia.com\/es\/#organization\",\"name\":\"Veolia\",\"url\":\"https:\/\/www.pionniers.veolia.com\/es\/\",\"logo\":{\"@type\":\"ImageObject\",\"inLanguage\":\"es\",\"@id\":\"https:\/\/www.pionniers.veolia.com\/es\/#\/schema\/logo\/image\/\",\"url\":\"https:\/\/www.pionniers.veolia.com\/es\/wp-content\/uploads\/2023\/09\/logo_veolia.svg\",\"contentUrl\":\"https:\/\/www.pionniers.veolia.com\/es\/wp-content\/uploads\/2023\/09\/logo_veolia.svg\",\"caption\":\"Veolia\"},\"image\":{\"@id\":\"https:\/\/www.pionniers.veolia.com\/es\/#\/schema\/logo\/image\/\"}}]}<\/script>\n<!-- \/ Yoast SEO plugin. -->","yoast_head_json":{"title":"Veolia - Veolia","robots":{"index":"index","follow":"follow","max-snippet":"max-snippet:-1","max-image-preview":"max-image-preview:large","max-video-preview":"max-video-preview:-1"},"canonical":"https:\/\/www.pionniers.veolia.com\/es\/","og_locale":"es_ES","og_type":"article","og_title":"Veolia - Veolia","og_description":"El medio ambiente en el coraz\u00f3n Por Gr\u00e9gory Quenet, Historiador del medio ambiente En 1853, la palabra \u00abstartup\u00bb no exist\u00eda. Pero es precisamente de lo que se trata con la creaci\u00f3n de la Compagnie G\u00e9n\u00e9rale des Eaux: una innovaci\u00f3n arriesgada basada en la anticipaci\u00f3n de nuevos usos que no se identifican como un mercado rentable. [&hellip;]","og_url":"https:\/\/www.pionniers.veolia.com\/es\/","og_site_name":"Veolia","article_modified_time":"2024-01-12T09:41:58+00:00","og_image":[{"width":1920,"height":954,"url":"https:\/\/www.pionniers.veolia.com\/es\/wp-content\/uploads\/2024\/01\/fond_header_home_es.jpg","type":"image\/jpeg"}],"twitter_card":"summary_large_image","twitter_misc":{"Est. reading time":"2 minutos"},"schema":{"@context":"https:\/\/schema.org","@graph":[{"@type":"WebPage","@id":"https:\/\/www.pionniers.veolia.com\/es\/","url":"https:\/\/www.pionniers.veolia.com\/es\/","name":"Veolia - Veolia","isPartOf":{"@id":"https:\/\/www.pionniers.veolia.com\/es\/#website"},"datePublished":"2023-09-07T15:47:44+00:00","dateModified":"2024-01-12T09:41:58+00:00","inLanguage":"es","potentialAction":[{"@type":"ReadAction","target":["https:\/\/www.pionniers.veolia.com\/es\/"]}]},{"@type":"WebSite","@id":"https:\/\/www.pionniers.veolia.com\/es\/#website","url":"https:\/\/www.pionniers.veolia.com\/es\/","name":"Veolia","description":"","publisher":{"@id":"https:\/\/www.pionniers.veolia.com\/es\/#organization"},"potentialAction":[{"@type":"SearchAction","target":{"@type":"EntryPoint","urlTemplate":"https:\/\/www.pionniers.veolia.com\/es\/?s={search_term_string}"},"query-input":"required name=search_term_string"}],"inLanguage":"es"},{"@type":"Organization","@id":"https:\/\/www.pionniers.veolia.com\/es\/#organization","name":"Veolia","url":"https:\/\/www.pionniers.veolia.com\/es\/","logo":{"@type":"ImageObject","inLanguage":"es","@id":"https:\/\/www.pionniers.veolia.com\/es\/#\/schema\/logo\/image\/","url":"https:\/\/www.pionniers.veolia.com\/es\/wp-content\/uploads\/2023\/09\/logo_veolia.svg","contentUrl":"https:\/\/www.pionniers.veolia.com\/es\/wp-content\/uploads\/2023\/09\/logo_veolia.svg","caption":"Veolia"},"image":{"@id":"https:\/\/www.pionniers.veolia.com\/es\/#\/schema\/logo\/image\/"}}]}},"_links":{"self":[{"href":"https:\/\/www.pionniers.veolia.com\/es\/wp-json\/wp\/v2\/pages\/2"}],"collection":[{"href":"https:\/\/www.pionniers.veolia.com\/es\/wp-json\/wp\/v2\/pages"}],"about":[{"href":"https:\/\/www.pionniers.veolia.com\/es\/wp-json\/wp\/v2\/types\/page"}],"author":[{"embeddable":true,"href":"https:\/\/www.pionniers.veolia.com\/es\/wp-json\/wp\/v2\/users\/1"}],"replies":[{"embeddable":true,"href":"https:\/\/www.pionniers.veolia.com\/es\/wp-json\/wp\/v2\/comments?post=2"}],"version-history":[{"count":140,"href":"https:\/\/www.pionniers.veolia.com\/es\/wp-json\/wp\/v2\/pages\/2\/revisions"}],"predecessor-version":[{"id":2464,"href":"https:\/\/www.pionniers.veolia.com\/es\/wp-json\/wp\/v2\/pages\/2\/revisions\/2464"}],"wp:featuredmedia":[{"embeddable":true,"href":"https:\/\/www.pionniers.veolia.com\/es\/wp-json\/wp\/v2\/media\/2442"}],"wp:attachment":[{"href":"https:\/\/www.pionniers.veolia.com\/es\/wp-json\/wp\/v2\/media?parent=2"}],"curies":[{"name":"wp","href":"https:\/\/api.w.org\/{rel}","templated":true}]}}