{"id":412,"date":"2023-09-22T10:36:15","date_gmt":"2023-09-22T08:36:15","guid":{"rendered":"https:\/\/www.pionniers.veolia.com\/es\/?page_id=412"},"modified":"2024-01-15T16:11:47","modified_gmt":"2024-01-15T15:11:47","slug":"aviso-legal","status":"publish","type":"page","link":"https:\/\/www.pionniers.veolia.com\/es\/aviso-legal\/","title":{"rendered":"AVISO LEGAL"},"content":{"rendered":"\n<div class=\"wp-block-group is-layout-constrained wp-block-group-is-layout-constrained\"><div class=\"wp-block-group__inner-container\">\n<div class=\"wp-block-columns container is-layout-flex wp-container-2 wp-block-columns-is-layout-flex\">\n<div class=\"wp-block-column is-layout-flow wp-block-column-is-layout-flow\">\n<h2 class=\"wp-block-heading soustitre-page cap surfilet-titre margin-top margin-bottom\">AVISO LEGAL<\/h2>\n\n\n\n<p><strong>El Sitio proporciona informaci\u00f3n sobre la empresa Veolia Environnement SA (informaci\u00f3n a continuaci\u00f3n) y sus subsidiarias.<\/strong><\/p>\n\n\n\n<p>Es publicado por VEOLIA ENVIRONNEMENT SA, una sociedad an\u00f3nima con un capital de 3.576.919.375 euros, registrada en el RCS de Par\u00eds con el n\u00famero 403 210 032, con domicilio social en 21, rue la Bo\u00e9tie - 75008 Par\u00eds, Francia y su n\u00famero de tel\u00e9fono es 01 85 57 70 00.<\/p>\n\n\n\n<p>N\u00famero de IVA intracomunitario: FR47403210032<\/p>\n\n\n\n<p>El Director de Publicaci\u00f3n es el Sr. Laurent OBADIA. Direcci\u00f3n de correo electr\u00f3nico: laurent.obadia@veolia.com<\/p>\n\n\n\n<p>El Sitio web est\u00e1 alojado por: OVH Cloud RCS Lille M\u00e9tropole 424 761 419 00045 Domicilio social: 2 rue Kellermann - 59100 Roubaix - Francia<\/p>\n\n\n\n<p><strong>Derechos protegidos y autorizaciones otorgadas al Usuario<\/strong><\/p>\n\n\n\n<p>Los elementos que constituyen este Sitio web, desarrollados por Veolia Environnement SA y sus subsidiarias o en su nombre (en adelante denominados \"el Contenido\"), est\u00e1n protegidos por las leyes de propiedad intelectual aplicables, espec\u00edficamente las leyes de derechos de autor y marcas comerciales.<\/p>\n\n\n\n<p>El Contenido incluye, en particular, la arquitectura, el dise\u00f1o gr\u00e1fico (incluidos colores, fuentes y organizaci\u00f3n gr\u00e1fica de las pantallas), as\u00ed como toda la informaci\u00f3n y elementos, incluidos y disponibles o accesibles en y\/o a trav\u00e9s del Sitio web, como textos, art\u00edculos, fotograf\u00edas, ilustraciones, im\u00e1genes, marcas comerciales y logotipos (como Veolia Environnement SA, Veolia Eau, Veolia Energie y Veolia Propret\u00e9), datos, bases de datos y todos los elementos sonoros fijos o animados (como voces, m\u00fasica o efectos de sonido) y elementos visuales (como animaciones gr\u00e1ficas o secuencias audiovisuales), desarrollos de software espec\u00edficos, programas descargables.<\/p>\n\n\n\n<p>El Contenido es propiedad exclusiva de Veolia Environnement SA y sus subsidiarias, sus proveedores de servicios t\u00e9cnicos u cualquier otro tercero que haya autorizado a Veolia Environnement SA o sus subsidiarias a utilizarlo.<\/p>\n\n\n\n<p>Veolia Environnement SA es el titular de las marcas VEOLIA, as\u00ed como de todos los nombres de dominio que contienen la marca VEOLIA.<\/p>\n\n\n\n<p>El Usuario puede acceder y usar el Sitio web y su Contenido y, posiblemente, descargar los documentos puestos a su disposici\u00f3n.<\/p>\n\n\n\n<p>Se proh\u00edbe al Usuario:<\/p>\n\n\n\n<p>- copiar, reproducir, imitar, distribuir, transmitir, publicar, depositar o registrar, de cualquier manera y en cualquier medio, todo o parte del Sitio web y el Contenido;<\/p>\n\n\n\n<p>- adaptar, traducir, modificar de cualquier manera todo o parte del Sitio web y el Contenido, de cualquier manera y en cualquier medio;<\/p>\n\n\n\n<p>- crear obras compuestas o derivadas con todo o parte del Sitio web y el Contenido;<\/p>\n\n\n\n<p>- descompilar, realizar ingenier\u00eda inversa o desensamblar todo o parte del Sitio web.<\/p>\n\n\n\n<p>Cualquier persona que no cumpla con las disposiciones legales aplicables puede ser culpable de un acto de infracci\u00f3n y puede estar sujeta a todas las sanciones previstas por la ley, sin perjuicio de cualquier otro recurso de Veolia Environnement SA y sus subsidiarias.<\/p>\n\n\n\n<p><strong>Responsabilidad<\/strong><\/p>\n\n\n\n<p>Veolia Environnement SA y sus subsidiarias excluyen toda responsabilidad por cualquier da\u00f1o directo o indirecto, incidental o consecuencial, p\u00e9rdida de datos o de ganancias, resultante o relacionado con el uso o funcionamiento del Sitio web y el Contenido.<\/p>\n\n\n\n<p>Veolia Environnement SA har\u00e1 todo lo posible para garantizar que el Sitio web sea accesible para los visitantes en todo momento. Sin embargo, Veolia Environnement SA no se hace responsable en caso de indisponibilidad del Sitio web por cualquier motivo. Se realizan cambios y actualizaciones regularmente en el Contenido. En este sentido, Veolia Environnement SA y sus subsidiarias se reservan el derecho de realizar cualquier modificaci\u00f3n, correcci\u00f3n o cambio en cualquier momento. Los enlaces de hipertexto en el Sitio web lo llevan fuera del sitio web de Veolia Environnement SA. Estos enlaces de hipertexto se proporcionan \u00fanicamente para su comodidad y no implican ninguna aprobaci\u00f3n o aprobaci\u00f3n por parte de Veolia Environnement SA y sus subsidiarias de los sitios web de terceros a los que hacen referencia. Estos sitios web de terceros no est\u00e1n bajo el control de Veolia Environnement SA y sus subsidiarias, y no son responsables, en particular, de las condiciones de acceso, el contenido, los enlaces que contienen, los productos o servicios que ofrecen, o los cambios o actualizaciones que se les realicen, ni de los datos almacenados y\/o utilizados en los servidores de estos sitios web de terceros. La menci\u00f3n de enlaces o marcas, nombres, servicios, nombres de dominio y denominaci\u00f3n de otras empresas que no sean Veolia Environnement SA y sus subsidiarias no implica en modo alguno la existencia de una asociaci\u00f3n entre Veolia Environnement SA y sus subsidiarias y estas empresas, productos o servicios, marcas, nombres o denominaciones mencionados.<\/p>\n\n\n\n<p><strong>Ley y jurisdicci\u00f3n aplicables<\/strong><\/p>\n\n\n\n<p>Estas condiciones de uso y el Sitio web est\u00e1n sujetos a la ley francesa. Cualquier disputa relacionada con estas condiciones de uso y el Sitio web estar\u00e1 bajo la jurisdicci\u00f3n de los tribunales de Par\u00eds.<\/p>\n\n\n\n<p><strong>Tratamiento de datos personales<\/strong><\/p>\n\n\n\n<p>Veolia Environnement recopila y trata datos personales. Se informa a los Usuarios sobre el tratamiento de sus datos personales a trav\u00e9s de la Pol\u00edtica de privacidad puesta a su disposici\u00f3n.<\/p>\n\n\n\n<p><strong>Cookies del navegador<\/strong><\/p>\n\n\n\n<p>El sitio web utiliza cookies, que son peque\u00f1os archivos de texto almacenados en su computadora, tableta o tel\u00e9fono m\u00f3vil. Para obtener m\u00e1s informaci\u00f3n sobre los tipos de cookies utilizadas, sus prop\u00f3sitos y las condiciones en que se recopilan, consulte nuestra Pol\u00edtica de cookies.<\/p>\n<\/div>\n<\/div>\n<\/div><\/div>\n\n\n\n<div style=\"height:100px\" aria-hidden=\"true\" class=\"wp-block-spacer\"><\/div>\n","protected":false},"excerpt":{"rendered":"<p>AVISO LEGAL El Sitio proporciona informaci\u00f3n sobre la empresa Veolia Environnement SA (informaci\u00f3n a continuaci\u00f3n) y sus subsidiarias. Es publicado por VEOLIA ENVIRONNEMENT SA, una sociedad an\u00f3nima con un capital de 3.576.919.375 euros, registrada en el RCS de Par\u00eds con el n\u00famero 403 210 032, con domicilio social en 21, rue la Bo\u00e9tie - 75008 [&hellip;]<\/p>\n","protected":false},"author":1,"featured_media":0,"parent":0,"menu_order":0,"comment_status":"closed","ping_status":"closed","template":"","meta":{"footnotes":""},"yoast_head":"<!-- This site is optimized with the Yoast SEO plugin v21.4 - https:\/\/yoast.com\/wordpress\/plugins\/seo\/ -->\n<title>AVISO LEGAL - Veolia<\/title>\n<meta name=\"robots\" content=\"index, follow, max-snippet:-1, max-image-preview:large, max-video-preview:-1\" \/>\n<link rel=\"canonical\" href=\"http:\/\/www.pionniers.veolia.com\/es\/aviso-legal\/\" \/>\n<meta property=\"og:locale\" content=\"es_ES\" \/>\n<meta property=\"og:type\" content=\"article\" \/>\n<meta property=\"og:title\" content=\"AVISO LEGAL - Veolia\" \/>\n<meta property=\"og:description\" content=\"AVISO LEGAL El Sitio proporciona informaci\u00f3n sobre la empresa Veolia Environnement SA (informaci\u00f3n a continuaci\u00f3n) y sus subsidiarias. Es publicado por VEOLIA ENVIRONNEMENT SA, una sociedad an\u00f3nima con un capital de 3.576.919.375 euros, registrada en el RCS de Par\u00eds con el n\u00famero 403 210 032, con domicilio social en 21, rue la Bo\u00e9tie - 75008 [&hellip;]\" \/>\n<meta property=\"og:url\" content=\"http:\/\/www.pionniers.veolia.com\/es\/aviso-legal\/\" \/>\n<meta property=\"og:site_name\" content=\"Veolia\" \/>\n<meta property=\"article:modified_time\" content=\"2024-01-15T15:11:47+00:00\" \/>\n<meta name=\"twitter:card\" content=\"summary_large_image\" \/>\n<meta name=\"twitter:label1\" content=\"Est. reading time\" \/>\n\t<meta name=\"twitter:data1\" content=\"4 minutos\" \/>\n<script type=\"application\/ld+json\" class=\"yoast-schema-graph\">{\"@context\":\"https:\/\/schema.org\",\"@graph\":[{\"@type\":\"WebPage\",\"@id\":\"http:\/\/www.pionniers.veolia.com\/es\/aviso-legal\/\",\"url\":\"http:\/\/www.pionniers.veolia.com\/es\/aviso-legal\/\",\"name\":\"AVISO LEGAL - Veolia\",\"isPartOf\":{\"@id\":\"https:\/\/www.pionniers.veolia.com\/es\/#website\"},\"datePublished\":\"2023-09-22T08:36:15+00:00\",\"dateModified\":\"2024-01-15T15:11:47+00:00\",\"inLanguage\":\"es\",\"potentialAction\":[{\"@type\":\"ReadAction\",\"target\":[\"http:\/\/www.pionniers.veolia.com\/es\/aviso-legal\/\"]}]},{\"@type\":\"WebSite\",\"@id\":\"https:\/\/www.pionniers.veolia.com\/es\/#website\",\"url\":\"https:\/\/www.pionniers.veolia.com\/es\/\",\"name\":\"Veolia\",\"description\":\"\",\"publisher\":{\"@id\":\"https:\/\/www.pionniers.veolia.com\/es\/#organization\"},\"potentialAction\":[{\"@type\":\"SearchAction\",\"target\":{\"@type\":\"EntryPoint\",\"urlTemplate\":\"https:\/\/www.pionniers.veolia.com\/es\/?s={search_term_string}\"},\"query-input\":\"required name=search_term_string\"}],\"inLanguage\":\"es\"},{\"@type\":\"Organization\",\"@id\":\"https:\/\/www.pionniers.veolia.com\/es\/#organization\",\"name\":\"Veolia\",\"url\":\"https:\/\/www.pionniers.veolia.com\/es\/\",\"logo\":{\"@type\":\"ImageObject\",\"inLanguage\":\"es\",\"@id\":\"https:\/\/www.pionniers.veolia.com\/es\/#\/schema\/logo\/image\/\",\"url\":\"https:\/\/www.pionniers.veolia.com\/es\/wp-content\/uploads\/2023\/09\/logo_veolia.svg\",\"contentUrl\":\"https:\/\/www.pionniers.veolia.com\/es\/wp-content\/uploads\/2023\/09\/logo_veolia.svg\",\"caption\":\"Veolia\"},\"image\":{\"@id\":\"https:\/\/www.pionniers.veolia.com\/es\/#\/schema\/logo\/image\/\"}}]}<\/script>\n<!-- \/ Yoast SEO plugin. -->","yoast_head_json":{"title":"AVISO LEGAL - Veolia","robots":{"index":"index","follow":"follow","max-snippet":"max-snippet:-1","max-image-preview":"max-image-preview:large","max-video-preview":"max-video-preview:-1"},"canonical":"http:\/\/www.pionniers.veolia.com\/es\/aviso-legal\/","og_locale":"es_ES","og_type":"article","og_title":"AVISO LEGAL - Veolia","og_description":"AVISO LEGAL El Sitio proporciona informaci\u00f3n sobre la empresa Veolia Environnement SA (informaci\u00f3n a continuaci\u00f3n) y sus subsidiarias. Es publicado por VEOLIA ENVIRONNEMENT SA, una sociedad an\u00f3nima con un capital de 3.576.919.375 euros, registrada en el RCS de Par\u00eds con el n\u00famero 403 210 032, con domicilio social en 21, rue la Bo\u00e9tie - 75008 [&hellip;]","og_url":"http:\/\/www.pionniers.veolia.com\/es\/aviso-legal\/","og_site_name":"Veolia","article_modified_time":"2024-01-15T15:11:47+00:00","twitter_card":"summary_large_image","twitter_misc":{"Est. reading time":"4 minutos"},"schema":{"@context":"https:\/\/schema.org","@graph":[{"@type":"WebPage","@id":"http:\/\/www.pionniers.veolia.com\/es\/aviso-legal\/","url":"http:\/\/www.pionniers.veolia.com\/es\/aviso-legal\/","name":"AVISO LEGAL - Veolia","isPartOf":{"@id":"https:\/\/www.pionniers.veolia.com\/es\/#website"},"datePublished":"2023-09-22T08:36:15+00:00","dateModified":"2024-01-15T15:11:47+00:00","inLanguage":"es","potentialAction":[{"@type":"ReadAction","target":["http:\/\/www.pionniers.veolia.com\/es\/aviso-legal\/"]}]},{"@type":"WebSite","@id":"https:\/\/www.pionniers.veolia.com\/es\/#website","url":"https:\/\/www.pionniers.veolia.com\/es\/","name":"Veolia","description":"","publisher":{"@id":"https:\/\/www.pionniers.veolia.com\/es\/#organization"},"potentialAction":[{"@type":"SearchAction","target":{"@type":"EntryPoint","urlTemplate":"https:\/\/www.pionniers.veolia.com\/es\/?s={search_term_string}"},"query-input":"required name=search_term_string"}],"inLanguage":"es"},{"@type":"Organization","@id":"https:\/\/www.pionniers.veolia.com\/es\/#organization","name":"Veolia","url":"https:\/\/www.pionniers.veolia.com\/es\/","logo":{"@type":"ImageObject","inLanguage":"es","@id":"https:\/\/www.pionniers.veolia.com\/es\/#\/schema\/logo\/image\/","url":"https:\/\/www.pionniers.veolia.com\/es\/wp-content\/uploads\/2023\/09\/logo_veolia.svg","contentUrl":"https:\/\/www.pionniers.veolia.com\/es\/wp-content\/uploads\/2023\/09\/logo_veolia.svg","caption":"Veolia"},"image":{"@id":"https:\/\/www.pionniers.veolia.com\/es\/#\/schema\/logo\/image\/"}}]}},"_links":{"self":[{"href":"https:\/\/www.pionniers.veolia.com\/es\/wp-json\/wp\/v2\/pages\/412"}],"collection":[{"href":"https:\/\/www.pionniers.veolia.com\/es\/wp-json\/wp\/v2\/pages"}],"about":[{"href":"https:\/\/www.pionniers.veolia.com\/es\/wp-json\/wp\/v2\/types\/page"}],"author":[{"embeddable":true,"href":"https:\/\/www.pionniers.veolia.com\/es\/wp-json\/wp\/v2\/users\/1"}],"replies":[{"embeddable":true,"href":"https:\/\/www.pionniers.veolia.com\/es\/wp-json\/wp\/v2\/comments?post=412"}],"version-history":[{"count":15,"href":"https:\/\/www.pionniers.veolia.com\/es\/wp-json\/wp\/v2\/pages\/412\/revisions"}],"predecessor-version":[{"id":2507,"href":"https:\/\/www.pionniers.veolia.com\/es\/wp-json\/wp\/v2\/pages\/412\/revisions\/2507"}],"wp:attachment":[{"href":"https:\/\/www.pionniers.veolia.com\/es\/wp-json\/wp\/v2\/media?parent=412"}],"curies":[{"name":"wp","href":"https:\/\/api.w.org\/{rel}","templated":true}]}}