{"id":444,"date":"2023-09-26T12:26:18","date_gmt":"2023-09-26T10:26:18","guid":{"rendered":"https:\/\/www.pionniers.veolia.com\/es\/?page_id=444"},"modified":"2023-12-30T14:40:33","modified_gmt":"2023-12-30T13:40:33","slug":"frise-chronologique","status":"publish","type":"page","link":"https:\/\/www.pionniers.veolia.com\/es\/frise-chronologique\/","title":{"rendered":"La l\u00ednea de tiempo"},"content":{"rendered":"\n<h1 class=\"wp-block-heading soustitre-page cap surfilet-titre margin-left padding-left\"><strong>170 a\u00f1<\/strong>o<strong>s<\/strong><br><mark style=\"background-color:rgba(0, 0, 0, 0);color:#ff0000\" class=\"has-inline-color\">de historia<\/mark><\/h1>\n\n\n\n<div class=\"wp-block-columns container frise margin-top is-layout-flex wp-container-3 wp-block-columns-is-layout-flex\">\n<div class=\"wp-block-column col-gauche is-layout-flow wp-block-column-is-layout-flow\"><\/div>\n\n\n\n<div class=\"wp-block-column col-droite is-layout-flow wp-block-column-is-layout-flow\">\n<h2 class=\"wp-block-heading date col-droite\">1853<\/h2>\n\n\n\n<p>Creaci\u00f3n de la <strong>Compagnie G\u00e9n\u00e9rale des Eaux<\/strong> (antecesora de Veolia) por decreto firmado por Napole\u00f3n III.<\/p>\n<\/div>\n<\/div>\n\n\n\n<div class=\"wp-block-columns container frise is-layout-flex wp-container-6 wp-block-columns-is-layout-flex\">\n<div class=\"wp-block-column col-gauche is-layout-flow wp-block-column-is-layout-flow\">\n<h2 class=\"wp-block-heading has-text-align-right date col-gauche\">1867<\/h2>\n\n\n\n<p><strong>Primer contrato para limpiar las calles de lodo y desechos<\/strong> y convertirlos en abono, en Nantes.<\/p>\n<\/div>\n\n\n\n<div class=\"wp-block-column col-droite is-layout-flow wp-block-column-is-layout-flow\">\n<figure class=\"wp-block-image size-large cercle center\"><img decoding=\"async\" src=\"https:\/\/www.pionniers.veolia.com\/es\/wp-content\/uploads\/2023\/10\/contrat.png\" alt=\"\"\/><\/figure>\n<\/div>\n<\/div>\n\n\n\n<div class=\"wp-block-columns container frise is-layout-flex wp-container-9 wp-block-columns-is-layout-flex\">\n<div class=\"wp-block-column col-gauche order-2 is-layout-flow wp-block-column-is-layout-flow\">\n<figure class=\"wp-block-image size-large cercle\"><img decoding=\"async\" src=\"https:\/\/www.pionniers.veolia.com\/es\/wp-content\/uploads\/2023\/10\/venise.png\" alt=\"\"\/><\/figure>\n<\/div>\n\n\n\n<div class=\"wp-block-column col-droite is-layout-flow wp-block-column-is-layout-flow\">\n<h2 class=\"wp-block-heading date col-droite\">1880<\/h2>\n\n\n\n<p>Primer desarrollo comercial en el extranjero: <strong>Venecia <\/strong>para la producci\u00f3n y distribuci\u00f3n de agua. Le siguieron <strong>Constantinopla<\/strong> en 1882 y <strong>Oporto<\/strong> en 1883.<\/p>\n<\/div>\n<\/div>\n\n\n\n<div class=\"wp-block-columns container frise is-layout-flex wp-container-12 wp-block-columns-is-layout-flex\">\n<div class=\"wp-block-column col-gauche is-layout-flow wp-block-column-is-layout-flow\">\n<h2 class=\"wp-block-heading has-text-align-right date col-gauche\">1937<\/h2>\n\n\n\n<p>Creaci\u00f3n por L\u00e9on Dewailly de la <strong>empresa Chauffage Service<\/strong>, especializada en la operaci\u00f3n de sistemas de calefacci\u00f3n y aire acondicionado.<\/p>\n<\/div>\n\n\n\n<div class=\"wp-block-column col-droite is-layout-flow wp-block-column-is-layout-flow\">\n<figure class=\"wp-block-image size-large cercle center\"><img decoding=\"async\" src=\"https:\/\/www.pionniers.veolia.com\/es\/wp-content\/uploads\/2023\/10\/radiateur.png\" alt=\"\"\/><\/figure>\n<\/div>\n<\/div>\n\n\n\n<div class=\"wp-block-columns container frise is-layout-flex wp-container-15 wp-block-columns-is-layout-flex\">\n<div class=\"wp-block-column col-gauche order-2 is-layout-flow wp-block-column-is-layout-flow\">\n<figure class=\"wp-block-image size-large cercle center\"><img decoding=\"async\" src=\"https:\/\/www.pionniers.veolia.com\/es\/wp-content\/uploads\/2023\/10\/goutte.png\" alt=\"\"\/><\/figure>\n<\/div>\n\n\n\n<div class=\"wp-block-column col-droite is-layout-flow wp-block-column-is-layout-flow\">\n<h2 class=\"wp-block-heading date col-droite\">1964<\/h2>\n\n\n\n<p><strong>Ley marco <\/strong>sobre el agua, que permite la creaci\u00f3n de <strong>agencias de agua <\/strong>e introduce el concepto de \"<strong>quien contamina paga<\/strong>\", aprobada en Francia antes de ser adoptada en Europa y m\u00e1s all\u00e1.<\/p>\n<\/div>\n<\/div>\n\n\n\n<div class=\"wp-block-columns container frise is-layout-flex wp-container-18 wp-block-columns-is-layout-flex\">\n<div class=\"wp-block-column col-gauche is-layout-flow wp-block-column-is-layout-flow\">\n<h2 class=\"wp-block-heading has-text-align-right date col-gauche\">1967<\/h2>\n\n\n\n<p><strong>Primeras plantas de incineraci\u00f3n<\/strong> del grupo.<\/p>\n<\/div>\n\n\n\n<div class=\"wp-block-column col-droite is-layout-flow wp-block-column-is-layout-flow\">\n<figure class=\"wp-block-image size-large cercle\"><img decoding=\"async\" src=\"https:\/\/www.pionniers.veolia.com\/es\/wp-content\/uploads\/2023\/10\/usine-incineration.png\" alt=\"\"\/><\/figure>\n<\/div>\n<\/div>\n\n\n\n<div class=\"wp-block-columns container frise is-layout-flex wp-container-21 wp-block-columns-is-layout-flex\">\n<div class=\"wp-block-column col-gauche is-layout-flow wp-block-column-is-layout-flow\"><\/div>\n\n\n\n<div class=\"wp-block-column col-droite is-layout-flow wp-block-column-is-layout-flow\">\n<h2 class=\"wp-block-heading date col-droite\">1970-71<\/h2>\n\n\n\n<p>Creaci\u00f3n de los <strong>primeros ministerios de medio ambiente<\/strong> en Gran Breta\u00f1a y Francia.<\/p>\n<\/div>\n<\/div>\n\n\n\n<div class=\"wp-block-columns container frise is-layout-flex wp-container-24 wp-block-columns-is-layout-flex\">\n<div class=\"wp-block-column col-gauche is-layout-flow wp-block-column-is-layout-flow\">\n<h2 class=\"wp-block-heading has-text-align-right date col-gauche\">1973<\/h2>\n\n\n\n<p><strong>Primer shock petrolero: Compagnie G\u00e9n\u00e9rale de Chauffe<\/strong>, subsidiaria del grupo, innova desarrollando sus primeros proyectos de geotermia y recuperaci\u00f3n de energ\u00eda.<\/p>\n<\/div>\n\n\n\n<div class=\"wp-block-column col-droite is-layout-flow wp-block-column-is-layout-flow\">\n<figure class=\"wp-block-image size-large cercle center\"><img decoding=\"async\" src=\"https:\/\/www.pionniers.veolia.com\/es\/wp-content\/uploads\/2023\/10\/geothermie.png\" alt=\"\"\/><\/figure>\n<\/div>\n<\/div>\n\n\n\n<div class=\"wp-block-columns container frise is-layout-flex wp-container-27 wp-block-columns-is-layout-flex\">\n<div class=\"wp-block-column col-gauche order-2 is-layout-flow wp-block-column-is-layout-flow\">\n<figure class=\"wp-block-image size-large cercle center\"><img decoding=\"async\" src=\"https:\/\/www.pionniers.veolia.com\/es\/wp-content\/uploads\/2023\/10\/dechets-toxiques.png\" alt=\"\"\/><\/figure>\n<\/div>\n\n\n\n<div class=\"wp-block-column col-droite is-layout-flow wp-block-column-is-layout-flow\">\n<h2 class=\"wp-block-heading date col-droite\">1975<\/h2>\n\n\n\n<p>Creaci\u00f3n de <strong>Sarp Industries<\/strong> para<strong> tratar residuos peligrosos.<\/strong><\/p>\n<\/div>\n<\/div>\n\n\n\n<div class=\"wp-block-columns container frise is-layout-flex wp-container-30 wp-block-columns-is-layout-flex\">\n<div class=\"wp-block-column col-gauche is-layout-flow wp-block-column-is-layout-flow\">\n<h2 class=\"wp-block-heading has-text-align-right date col-gauche\">1992<\/h2>\n\n\n\n<p>Primer contrato del grupo en <strong>Nueva Orleans<\/strong> para operar el sistema de saneamiento de la ciudad.<\/p>\n<\/div>\n\n\n\n<div class=\"wp-block-column col-droite is-layout-flow wp-block-column-is-layout-flow\">\n<figure class=\"wp-block-image size-large cercle center\"><img decoding=\"async\" src=\"https:\/\/www.pionniers.veolia.com\/es\/wp-content\/uploads\/2023\/10\/poignee-de-main.png\" alt=\"\"\/><\/figure>\n<\/div>\n<\/div>\n\n\n\n<div class=\"wp-block-columns container frise is-layout-flex wp-container-33 wp-block-columns-is-layout-flex\">\n<div class=\"wp-block-column col-gauche order-2 is-layout-flow wp-block-column-is-layout-flow\">\n<figure class=\"wp-block-image size-large cercle\"><img decoding=\"async\" src=\"https:\/\/www.pionniers.veolia.com\/es\/wp-content\/uploads\/2023\/10\/westminster.png\" alt=\"\"\/><\/figure>\n<\/div>\n\n\n\n<div class=\"wp-block-column col-droite is-layout-flow wp-block-column-is-layout-flow\">\n<h2 class=\"wp-block-heading date col-droite\">1995<\/h2>\n\n\n\n<p>Contrato con la ciudad de <strong>Westminster<\/strong>, Reino Unido, para garantizar la limpieza durante eventos.<\/p>\n<\/div>\n<\/div>\n\n\n\n<div class=\"wp-block-columns container frise is-layout-flex wp-container-36 wp-block-columns-is-layout-flex\">\n<div class=\"wp-block-column col-gauche is-layout-flow wp-block-column-is-layout-flow\">\n<h2 class=\"wp-block-heading has-text-align-right date col-gauche\">1997<\/h2>\n\n\n\n<p><strong>Protocolo de Kyoto<\/strong> sobre el cambio clim\u00e1tico.<\/p>\n<\/div>\n\n\n\n<div class=\"wp-block-column col-droite is-layout-flow wp-block-column-is-layout-flow\"><\/div>\n<\/div>\n\n\n\n<div class=\"wp-block-columns container frise is-layout-flex wp-container-39 wp-block-columns-is-layout-flex\">\n<div class=\"wp-block-column col-gauche is-layout-flow wp-block-column-is-layout-flow\"><\/div>\n\n\n\n<div class=\"wp-block-column col-droite is-layout-flow wp-block-column-is-layout-flow\">\n<h2 class=\"wp-block-heading date col-droite\">2000<\/h2>\n\n\n\n<p><strong>Contrato de Praga<\/strong>, inicio de la expansi\u00f3n en Europa del Este.<\/p>\n<\/div>\n<\/div>\n\n\n\n<div class=\"wp-block-columns container frise is-layout-flex wp-container-42 wp-block-columns-is-layout-flex\">\n<div class=\"wp-block-column col-gauche is-layout-flow wp-block-column-is-layout-flow\">\n<h2 class=\"wp-block-heading has-text-align-right date col-gauche\">2002<\/h2>\n\n\n\n<p><strong>Aceleraci\u00f3n internacional de Veolia&nbsp;: <\/strong><\/p>\n\n\n\n<p>\u2192 Apertura de la planta de reutilizaci\u00f3n de aguas residuales tratadas en Windhoek, <strong>Namibia<\/strong>, financiada por Veolia.<\/p>\n\n\n\n<p>\u2192 Creaci\u00f3n de Enova, una filial dedicada a la eficiencia energ\u00e9tica, en el <strong>Medio Oriente<\/strong>.<\/p>\n\n\n\n<p>\u2192 Primer contrato en <strong>China<\/strong> para garantizar la seguridad del agua en la regi\u00f3n y en los principales eventos de Shanghai.<\/p>\n<\/div>\n\n\n\n<div class=\"wp-block-column col-droite is-layout-flow wp-block-column-is-layout-flow\">\n<figure class=\"wp-block-image size-large cercle center\"><img decoding=\"async\" src=\"https:\/\/www.pionniers.veolia.com\/es\/wp-content\/uploads\/2023\/10\/monde.png\" alt=\"\"\/><\/figure>\n<\/div>\n<\/div>\n\n\n\n<div class=\"wp-block-columns container frise is-layout-flex wp-container-45 wp-block-columns-is-layout-flex\">\n<div class=\"wp-block-column col-gauche order-2 is-layout-flow wp-block-column-is-layout-flow\">\n<figure class=\"wp-block-image size-large cercle center\"><img decoding=\"async\" src=\"https:\/\/www.pionniers.veolia.com\/es\/wp-content\/uploads\/2023\/10\/station-epuration.jpeg\" alt=\"\"\/><\/figure>\n<\/div>\n\n\n\n<div class=\"wp-block-column col-droite is-layout-flow wp-block-column-is-layout-flow\">\n<h2 class=\"wp-block-heading date col-droite\">2006<\/h2>\n\n\n\n<p>Primera operaci\u00f3n de reutilizaci\u00f3n de aguas residuales tratadas en Francia, en <strong>Sainte-Maxime<\/strong>.<\/p>\n<\/div>\n<\/div>\n\n\n\n<div class=\"wp-block-columns container frise is-layout-flex wp-container-48 wp-block-columns-is-layout-flex\">\n<div class=\"wp-block-column col-gauche is-layout-flow wp-block-column-is-layout-flow\">\n<h2 class=\"wp-block-heading has-text-align-right date col-gauche\">2022<\/h2>\n\n\n\n<p><strong>Adquisici\u00f3n de las principales actividades internacionales de Suez.<\/strong><\/p>\n<\/div>\n\n\n\n<div class=\"wp-block-column col-droite is-layout-flow wp-block-column-is-layout-flow\"><\/div>\n<\/div>\n\n\n\n<div class=\"wp-block-columns container frise is-layout-flex wp-container-51 wp-block-columns-is-layout-flex\">\n<div class=\"wp-block-column col-gauche is-layout-flow wp-block-column-is-layout-flow\"><\/div>\n\n\n\n<div class=\"wp-block-column col-droite is-layout-flow wp-block-column-is-layout-flow\">\n<h2 class=\"wp-block-heading date col-droite\">2022<\/h2>\n\n\n\n<p><strong>Sequ\u00eda hist\u00f3rica en Francia<\/strong>, inicio del <strong>programa Jourdain<\/strong> en Vend\u00e9e con Vend\u00e9e Eau, con el objetivo de reciclar las aguas residuales y hacerlas potables.<\/p>\n<\/div>\n<\/div>\n\n\n\n<div class=\"wp-block-columns container frise is-layout-flex wp-container-54 wp-block-columns-is-layout-flex\">\n<div class=\"wp-block-column col-gauche is-layout-flow wp-block-column-is-layout-flow\">\n<h2 class=\"wp-block-heading has-text-align-right date col-gauche\">2022<\/h2>\n\n\n\n<p><strong>Inauguraci\u00f3n de la autopista t\u00e9rmica en Lille, que calienta los hogares al valorizar sus residuos mientras se cierra una central t\u00e9rmica de carb\u00f3n.<\/strong><\/p>\n<\/div>\n\n\n\n<div class=\"wp-block-column col-droite is-layout-flow wp-block-column-is-layout-flow\">\n<figure class=\"wp-block-image size-large cercle\"><img decoding=\"async\" src=\"https:\/\/www.pionniers.veolia.com\/es\/wp-content\/uploads\/2023\/10\/maison.png\" alt=\"\"\/><\/figure>\n<\/div>\n<\/div>\n\n\n\n<div class=\"wp-block-columns container frise is-layout-flex wp-container-57 wp-block-columns-is-layout-flex\">\n<div class=\"wp-block-column col-gauche is-layout-flow wp-block-column-is-layout-flow\"><\/div>\n\n\n\n<div class=\"wp-block-column col-droite is-layout-flow wp-block-column-is-layout-flow\">\n<h2 class=\"wp-block-heading date col-droite\">2023<\/h2>\n\n\n\n<p>Construcci\u00f3n de la primera planta de <strong>reciclaje de bater\u00edas de veh\u00edculos el\u00e9ctricos en Moselle.<\/strong><\/p>\n<\/div>\n<\/div>\n\n\n\n<div class=\"wp-block-columns container frise padding-bottom is-layout-flex wp-container-60 wp-block-columns-is-layout-flex\">\n<div class=\"wp-block-column col-gauche is-layout-flow wp-block-column-is-layout-flow\">\n<h2 class=\"wp-block-heading has-text-align-right date col-gauche\">2023<\/h2>\n\n\n\n<p><strong>Contrato en Abu Dhabi para la operaci\u00f3n de una de las plantas de desalinizaci\u00f3n m\u00e1s grandes del mundo, l\u00edder en eficiencia energ\u00e9tica.<\/strong><\/p>\n<\/div>\n\n\n\n<div class=\"wp-block-column col-droite is-layout-flow wp-block-column-is-layout-flow\">\n<figure class=\"wp-block-image size-large cercle center\"><img decoding=\"async\" src=\"https:\/\/www.pionniers.veolia.com\/es\/wp-content\/uploads\/2023\/10\/desalenisation.png\" alt=\"\"\/><\/figure>\n<\/div>\n<\/div>\n\n\n\n<div style=\"height:100px\" aria-hidden=\"true\" class=\"wp-block-spacer\"><\/div>\n","protected":false},"excerpt":{"rendered":"<p>170 a\u00f1osde historia 1853 Creaci\u00f3n de la Compagnie G\u00e9n\u00e9rale des Eaux (antecesora de Veolia) por decreto firmado por Napole\u00f3n III. 1867 Primer contrato para limpiar las calles de lodo y desechos y convertirlos en abono, en Nantes. 1880 Primer desarrollo comercial en el extranjero: Venecia para la producci\u00f3n y distribuci\u00f3n de agua. Le siguieron Constantinopla [&hellip;]<\/p>\n","protected":false},"author":1,"featured_media":0,"parent":0,"menu_order":0,"comment_status":"closed","ping_status":"closed","template":"page-frise.php","meta":{"footnotes":""},"yoast_head":"<!-- This site is optimized with the Yoast SEO plugin v21.4 - https:\/\/yoast.com\/wordpress\/plugins\/seo\/ -->\n<title>La l\u00ednea de tiempo - Veolia<\/title>\n<meta name=\"robots\" content=\"index, follow, max-snippet:-1, max-image-preview:large, max-video-preview:-1\" \/>\n<link rel=\"canonical\" href=\"https:\/\/www.pionniers.veolia.com\/es\/frise-chronologique\/\" \/>\n<meta property=\"og:locale\" content=\"es_ES\" \/>\n<meta property=\"og:type\" content=\"article\" \/>\n<meta property=\"og:title\" content=\"La l\u00ednea de tiempo - Veolia\" \/>\n<meta property=\"og:description\" content=\"170 a\u00f1osde historia 1853 Creaci\u00f3n de la Compagnie G\u00e9n\u00e9rale des Eaux (antecesora de Veolia) por decreto firmado por Napole\u00f3n III. 1867 Primer contrato para limpiar las calles de lodo y desechos y convertirlos en abono, en Nantes. 1880 Primer desarrollo comercial en el extranjero: Venecia para la producci\u00f3n y distribuci\u00f3n de agua. Le siguieron Constantinopla [&hellip;]\" \/>\n<meta property=\"og:url\" content=\"https:\/\/www.pionniers.veolia.com\/es\/frise-chronologique\/\" \/>\n<meta property=\"og:site_name\" content=\"Veolia\" \/>\n<meta property=\"article:modified_time\" content=\"2023-12-30T13:40:33+00:00\" \/>\n<meta property=\"og:image\" content=\"https:\/\/www.pionniers.veolia.com\/es\/wp-content\/uploads\/2023\/10\/contrat.png\" \/>\n<meta name=\"twitter:card\" content=\"summary_large_image\" \/>\n<meta name=\"twitter:label1\" content=\"Est. reading time\" \/>\n\t<meta name=\"twitter:data1\" content=\"5 minutos\" \/>\n<script type=\"application\/ld+json\" class=\"yoast-schema-graph\">{\"@context\":\"https:\/\/schema.org\",\"@graph\":[{\"@type\":\"WebPage\",\"@id\":\"https:\/\/www.pionniers.veolia.com\/es\/frise-chronologique\/\",\"url\":\"https:\/\/www.pionniers.veolia.com\/es\/frise-chronologique\/\",\"name\":\"La l\u00ednea de tiempo - Veolia\",\"isPartOf\":{\"@id\":\"https:\/\/www.pionniers.veolia.com\/es\/#website\"},\"datePublished\":\"2023-09-26T10:26:18+00:00\",\"dateModified\":\"2023-12-30T13:40:33+00:00\",\"inLanguage\":\"es\",\"potentialAction\":[{\"@type\":\"ReadAction\",\"target\":[\"https:\/\/www.pionniers.veolia.com\/es\/frise-chronologique\/\"]}]},{\"@type\":\"WebSite\",\"@id\":\"https:\/\/www.pionniers.veolia.com\/es\/#website\",\"url\":\"https:\/\/www.pionniers.veolia.com\/es\/\",\"name\":\"Veolia\",\"description\":\"\",\"publisher\":{\"@id\":\"https:\/\/www.pionniers.veolia.com\/es\/#organization\"},\"potentialAction\":[{\"@type\":\"SearchAction\",\"target\":{\"@type\":\"EntryPoint\",\"urlTemplate\":\"https:\/\/www.pionniers.veolia.com\/es\/?s={search_term_string}\"},\"query-input\":\"required name=search_term_string\"}],\"inLanguage\":\"es\"},{\"@type\":\"Organization\",\"@id\":\"https:\/\/www.pionniers.veolia.com\/es\/#organization\",\"name\":\"Veolia\",\"url\":\"https:\/\/www.pionniers.veolia.com\/es\/\",\"logo\":{\"@type\":\"ImageObject\",\"inLanguage\":\"es\",\"@id\":\"https:\/\/www.pionniers.veolia.com\/es\/#\/schema\/logo\/image\/\",\"url\":\"https:\/\/www.pionniers.veolia.com\/es\/wp-content\/uploads\/2023\/09\/logo_veolia.svg\",\"contentUrl\":\"https:\/\/www.pionniers.veolia.com\/es\/wp-content\/uploads\/2023\/09\/logo_veolia.svg\",\"caption\":\"Veolia\"},\"image\":{\"@id\":\"https:\/\/www.pionniers.veolia.com\/es\/#\/schema\/logo\/image\/\"}}]}<\/script>\n<!-- \/ Yoast SEO plugin. -->","yoast_head_json":{"title":"La l\u00ednea de tiempo - Veolia","robots":{"index":"index","follow":"follow","max-snippet":"max-snippet:-1","max-image-preview":"max-image-preview:large","max-video-preview":"max-video-preview:-1"},"canonical":"https:\/\/www.pionniers.veolia.com\/es\/frise-chronologique\/","og_locale":"es_ES","og_type":"article","og_title":"La l\u00ednea de tiempo - Veolia","og_description":"170 a\u00f1osde historia 1853 Creaci\u00f3n de la Compagnie G\u00e9n\u00e9rale des Eaux (antecesora de Veolia) por decreto firmado por Napole\u00f3n III. 1867 Primer contrato para limpiar las calles de lodo y desechos y convertirlos en abono, en Nantes. 1880 Primer desarrollo comercial en el extranjero: Venecia para la producci\u00f3n y distribuci\u00f3n de agua. Le siguieron Constantinopla [&hellip;]","og_url":"https:\/\/www.pionniers.veolia.com\/es\/frise-chronologique\/","og_site_name":"Veolia","article_modified_time":"2023-12-30T13:40:33+00:00","og_image":[{"url":"https:\/\/www.pionniers.veolia.com\/es\/wp-content\/uploads\/2023\/10\/contrat.png"}],"twitter_card":"summary_large_image","twitter_misc":{"Est. reading time":"5 minutos"},"schema":{"@context":"https:\/\/schema.org","@graph":[{"@type":"WebPage","@id":"https:\/\/www.pionniers.veolia.com\/es\/frise-chronologique\/","url":"https:\/\/www.pionniers.veolia.com\/es\/frise-chronologique\/","name":"La l\u00ednea de tiempo - Veolia","isPartOf":{"@id":"https:\/\/www.pionniers.veolia.com\/es\/#website"},"datePublished":"2023-09-26T10:26:18+00:00","dateModified":"2023-12-30T13:40:33+00:00","inLanguage":"es","potentialAction":[{"@type":"ReadAction","target":["https:\/\/www.pionniers.veolia.com\/es\/frise-chronologique\/"]}]},{"@type":"WebSite","@id":"https:\/\/www.pionniers.veolia.com\/es\/#website","url":"https:\/\/www.pionniers.veolia.com\/es\/","name":"Veolia","description":"","publisher":{"@id":"https:\/\/www.pionniers.veolia.com\/es\/#organization"},"potentialAction":[{"@type":"SearchAction","target":{"@type":"EntryPoint","urlTemplate":"https:\/\/www.pionniers.veolia.com\/es\/?s={search_term_string}"},"query-input":"required name=search_term_string"}],"inLanguage":"es"},{"@type":"Organization","@id":"https:\/\/www.pionniers.veolia.com\/es\/#organization","name":"Veolia","url":"https:\/\/www.pionniers.veolia.com\/es\/","logo":{"@type":"ImageObject","inLanguage":"es","@id":"https:\/\/www.pionniers.veolia.com\/es\/#\/schema\/logo\/image\/","url":"https:\/\/www.pionniers.veolia.com\/es\/wp-content\/uploads\/2023\/09\/logo_veolia.svg","contentUrl":"https:\/\/www.pionniers.veolia.com\/es\/wp-content\/uploads\/2023\/09\/logo_veolia.svg","caption":"Veolia"},"image":{"@id":"https:\/\/www.pionniers.veolia.com\/es\/#\/schema\/logo\/image\/"}}]}},"_links":{"self":[{"href":"https:\/\/www.pionniers.veolia.com\/es\/wp-json\/wp\/v2\/pages\/444"}],"collection":[{"href":"https:\/\/www.pionniers.veolia.com\/es\/wp-json\/wp\/v2\/pages"}],"about":[{"href":"https:\/\/www.pionniers.veolia.com\/es\/wp-json\/wp\/v2\/types\/page"}],"author":[{"embeddable":true,"href":"https:\/\/www.pionniers.veolia.com\/es\/wp-json\/wp\/v2\/users\/1"}],"replies":[{"embeddable":true,"href":"https:\/\/www.pionniers.veolia.com\/es\/wp-json\/wp\/v2\/comments?post=444"}],"version-history":[{"count":32,"href":"https:\/\/www.pionniers.veolia.com\/es\/wp-json\/wp\/v2\/pages\/444\/revisions"}],"predecessor-version":[{"id":2336,"href":"https:\/\/www.pionniers.veolia.com\/es\/wp-json\/wp\/v2\/pages\/444\/revisions\/2336"}],"wp:attachment":[{"href":"https:\/\/www.pionniers.veolia.com\/es\/wp-json\/wp\/v2\/media?parent=444"}],"curies":[{"name":"wp","href":"https:\/\/api.w.org\/{rel}","templated":true}]}}