{"id":474,"date":"2023-09-27T11:13:52","date_gmt":"2023-09-27T09:13:52","guid":{"rendered":"https:\/\/www.pionniers.veolia.com\/es\/?page_id=474"},"modified":"2024-01-12T10:35:35","modified_gmt":"2024-01-12T09:35:35","slug":"la-biographie-de-gregory-quenet","status":"publish","type":"page","link":"https:\/\/www.pionniers.veolia.com\/es\/la-biographie-de-gregory-quenet\/","title":{"rendered":"La biograf\u00eda de GR\u00c9GORY QUENET"},"content":{"rendered":"\n<div class=\"wp-block-columns container is-layout-flex wp-container-2 wp-block-columns-is-layout-flex\">\n<div class=\"wp-block-column is-layout-flow wp-block-column-is-layout-flow\">\n<h1 class=\"wp-block-heading soustitre-page cap surfilet-titre margin-bottom\">Biograf\u00eda<br><mark style=\"background-color:rgba(0, 0, 0, 0);color:#ff0000\" class=\"has-inline-color\">GR\u00c9GORY QUENET<\/mark><\/h1>\n\n\n\n<p>Gregory Quenet, historiador modernista y agregado de historia, es un pionero de la historia ambiental en Francia. Primer profesor en historia del medio ambiente en la Universidad de Versailles Saint-Quentin-en-Yvelines desde 2012, tambi\u00e9n cre\u00f3 las primeras ense\u00f1anzas en este campo en Sciences Po Par\u00eds en 2009. Fundador del portal franc\u00e9s de las humanidades ambientales, organiz\u00f3 el 8\u00ba Congreso de la Sociedad Europea de Historia Ambiental en 2015.<\/p>\n\n\n\n<p>Su enfoque interdisciplinario lo llev\u00f3 a colaborar con sism\u00f3logos para su tesis sobre centrales nucleares. Fue miembro del Comit\u00e9 Franc\u00e9s del Patrimonio Mundial y experto para el marae de Taputapuatea, clasificado como Patrimonio Mundial de la Unesco en su primera candidatura.<\/p>\n\n\n\n<p>En la Universidad Par\u00eds Saclay, se impregn\u00f3 de los trabajos de los climat\u00f3logos y ec\u00f3logos. Auditor de la 13\u00aa promoci\u00f3n del Instituto de Altos Estudios de la Empresa (IHEE), tambi\u00e9n colabora con artistas, incluido Laurent Grasso, como asesor cient\u00edfico. Su trayectoria est\u00e1 marcada por trabajos de referencia originales, que vinculan las ciencias sociales y las ciencias de la naturaleza, y mezclan pasado, presente y futuro.<\/p>\n\n\n\n<div style=\"height:100px\" aria-hidden=\"true\" class=\"wp-block-spacer\"><\/div>\n<\/div>\n<\/div>\n","protected":false},"excerpt":{"rendered":"<p>Biograf\u00edaGR\u00c9GORY QUENET Gregory Quenet, historiador modernista y agregado de historia, es un pionero de la historia ambiental en Francia. Primer profesor en historia del medio ambiente en la Universidad de Versailles Saint-Quentin-en-Yvelines desde 2012, tambi\u00e9n cre\u00f3 las primeras ense\u00f1anzas en este campo en Sciences Po Par\u00eds en 2009. Fundador del portal franc\u00e9s de las humanidades [&hellip;]<\/p>\n","protected":false},"author":1,"featured_media":0,"parent":0,"menu_order":0,"comment_status":"closed","ping_status":"closed","template":"","meta":{"footnotes":""},"yoast_head":"<!-- This site is optimized with the Yoast SEO plugin v21.4 - https:\/\/yoast.com\/wordpress\/plugins\/seo\/ -->\n<title>La biograf\u00eda de GR\u00c9GORY QUENET - Veolia<\/title>\n<meta name=\"robots\" content=\"index, follow, max-snippet:-1, max-image-preview:large, max-video-preview:-1\" \/>\n<link rel=\"canonical\" href=\"https:\/\/www.pionniers.veolia.com\/es\/la-biographie-de-gregory-quenet\/\" \/>\n<meta property=\"og:locale\" content=\"es_ES\" \/>\n<meta property=\"og:type\" content=\"article\" \/>\n<meta property=\"og:title\" content=\"La biograf\u00eda de GR\u00c9GORY QUENET - Veolia\" \/>\n<meta property=\"og:description\" content=\"Biograf\u00edaGR\u00c9GORY QUENET Gregory Quenet, historiador modernista y agregado de historia, es un pionero de la historia ambiental en Francia. Primer profesor en historia del medio ambiente en la Universidad de Versailles Saint-Quentin-en-Yvelines desde 2012, tambi\u00e9n cre\u00f3 las primeras ense\u00f1anzas en este campo en Sciences Po Par\u00eds en 2009. Fundador del portal franc\u00e9s de las humanidades [&hellip;]\" \/>\n<meta property=\"og:url\" content=\"https:\/\/www.pionniers.veolia.com\/es\/la-biographie-de-gregory-quenet\/\" \/>\n<meta property=\"og:site_name\" content=\"Veolia\" \/>\n<meta property=\"article:modified_time\" content=\"2024-01-12T09:35:35+00:00\" \/>\n<meta name=\"twitter:card\" content=\"summary_large_image\" \/>\n<meta name=\"twitter:label1\" content=\"Est. reading time\" \/>\n\t<meta name=\"twitter:data1\" content=\"1 minuto\" \/>\n<script type=\"application\/ld+json\" class=\"yoast-schema-graph\">{\"@context\":\"https:\/\/schema.org\",\"@graph\":[{\"@type\":\"WebPage\",\"@id\":\"https:\/\/www.pionniers.veolia.com\/es\/la-biographie-de-gregory-quenet\/\",\"url\":\"https:\/\/www.pionniers.veolia.com\/es\/la-biographie-de-gregory-quenet\/\",\"name\":\"La biograf\u00eda de GR\u00c9GORY QUENET - Veolia\",\"isPartOf\":{\"@id\":\"https:\/\/www.pionniers.veolia.com\/es\/#website\"},\"datePublished\":\"2023-09-27T09:13:52+00:00\",\"dateModified\":\"2024-01-12T09:35:35+00:00\",\"inLanguage\":\"es\",\"potentialAction\":[{\"@type\":\"ReadAction\",\"target\":[\"https:\/\/www.pionniers.veolia.com\/es\/la-biographie-de-gregory-quenet\/\"]}]},{\"@type\":\"WebSite\",\"@id\":\"https:\/\/www.pionniers.veolia.com\/es\/#website\",\"url\":\"https:\/\/www.pionniers.veolia.com\/es\/\",\"name\":\"Veolia\",\"description\":\"\",\"publisher\":{\"@id\":\"https:\/\/www.pionniers.veolia.com\/es\/#organization\"},\"potentialAction\":[{\"@type\":\"SearchAction\",\"target\":{\"@type\":\"EntryPoint\",\"urlTemplate\":\"https:\/\/www.pionniers.veolia.com\/es\/?s={search_term_string}\"},\"query-input\":\"required name=search_term_string\"}],\"inLanguage\":\"es\"},{\"@type\":\"Organization\",\"@id\":\"https:\/\/www.pionniers.veolia.com\/es\/#organization\",\"name\":\"Veolia\",\"url\":\"https:\/\/www.pionniers.veolia.com\/es\/\",\"logo\":{\"@type\":\"ImageObject\",\"inLanguage\":\"es\",\"@id\":\"https:\/\/www.pionniers.veolia.com\/es\/#\/schema\/logo\/image\/\",\"url\":\"https:\/\/www.pionniers.veolia.com\/es\/wp-content\/uploads\/2023\/09\/logo_veolia.svg\",\"contentUrl\":\"https:\/\/www.pionniers.veolia.com\/es\/wp-content\/uploads\/2023\/09\/logo_veolia.svg\",\"caption\":\"Veolia\"},\"image\":{\"@id\":\"https:\/\/www.pionniers.veolia.com\/es\/#\/schema\/logo\/image\/\"}}]}<\/script>\n<!-- \/ Yoast SEO plugin. -->","yoast_head_json":{"title":"La biograf\u00eda de GR\u00c9GORY QUENET - Veolia","robots":{"index":"index","follow":"follow","max-snippet":"max-snippet:-1","max-image-preview":"max-image-preview:large","max-video-preview":"max-video-preview:-1"},"canonical":"https:\/\/www.pionniers.veolia.com\/es\/la-biographie-de-gregory-quenet\/","og_locale":"es_ES","og_type":"article","og_title":"La biograf\u00eda de GR\u00c9GORY QUENET - Veolia","og_description":"Biograf\u00edaGR\u00c9GORY QUENET Gregory Quenet, historiador modernista y agregado de historia, es un pionero de la historia ambiental en Francia. Primer profesor en historia del medio ambiente en la Universidad de Versailles Saint-Quentin-en-Yvelines desde 2012, tambi\u00e9n cre\u00f3 las primeras ense\u00f1anzas en este campo en Sciences Po Par\u00eds en 2009. Fundador del portal franc\u00e9s de las humanidades [&hellip;]","og_url":"https:\/\/www.pionniers.veolia.com\/es\/la-biographie-de-gregory-quenet\/","og_site_name":"Veolia","article_modified_time":"2024-01-12T09:35:35+00:00","twitter_card":"summary_large_image","twitter_misc":{"Est. reading time":"1 minuto"},"schema":{"@context":"https:\/\/schema.org","@graph":[{"@type":"WebPage","@id":"https:\/\/www.pionniers.veolia.com\/es\/la-biographie-de-gregory-quenet\/","url":"https:\/\/www.pionniers.veolia.com\/es\/la-biographie-de-gregory-quenet\/","name":"La biograf\u00eda de GR\u00c9GORY QUENET - Veolia","isPartOf":{"@id":"https:\/\/www.pionniers.veolia.com\/es\/#website"},"datePublished":"2023-09-27T09:13:52+00:00","dateModified":"2024-01-12T09:35:35+00:00","inLanguage":"es","potentialAction":[{"@type":"ReadAction","target":["https:\/\/www.pionniers.veolia.com\/es\/la-biographie-de-gregory-quenet\/"]}]},{"@type":"WebSite","@id":"https:\/\/www.pionniers.veolia.com\/es\/#website","url":"https:\/\/www.pionniers.veolia.com\/es\/","name":"Veolia","description":"","publisher":{"@id":"https:\/\/www.pionniers.veolia.com\/es\/#organization"},"potentialAction":[{"@type":"SearchAction","target":{"@type":"EntryPoint","urlTemplate":"https:\/\/www.pionniers.veolia.com\/es\/?s={search_term_string}"},"query-input":"required name=search_term_string"}],"inLanguage":"es"},{"@type":"Organization","@id":"https:\/\/www.pionniers.veolia.com\/es\/#organization","name":"Veolia","url":"https:\/\/www.pionniers.veolia.com\/es\/","logo":{"@type":"ImageObject","inLanguage":"es","@id":"https:\/\/www.pionniers.veolia.com\/es\/#\/schema\/logo\/image\/","url":"https:\/\/www.pionniers.veolia.com\/es\/wp-content\/uploads\/2023\/09\/logo_veolia.svg","contentUrl":"https:\/\/www.pionniers.veolia.com\/es\/wp-content\/uploads\/2023\/09\/logo_veolia.svg","caption":"Veolia"},"image":{"@id":"https:\/\/www.pionniers.veolia.com\/es\/#\/schema\/logo\/image\/"}}]}},"_links":{"self":[{"href":"https:\/\/www.pionniers.veolia.com\/es\/wp-json\/wp\/v2\/pages\/474"}],"collection":[{"href":"https:\/\/www.pionniers.veolia.com\/es\/wp-json\/wp\/v2\/pages"}],"about":[{"href":"https:\/\/www.pionniers.veolia.com\/es\/wp-json\/wp\/v2\/types\/page"}],"author":[{"embeddable":true,"href":"https:\/\/www.pionniers.veolia.com\/es\/wp-json\/wp\/v2\/users\/1"}],"replies":[{"embeddable":true,"href":"https:\/\/www.pionniers.veolia.com\/es\/wp-json\/wp\/v2\/comments?post=474"}],"version-history":[{"count":5,"href":"https:\/\/www.pionniers.veolia.com\/es\/wp-json\/wp\/v2\/pages\/474\/revisions"}],"predecessor-version":[{"id":2457,"href":"https:\/\/www.pionniers.veolia.com\/es\/wp-json\/wp\/v2\/pages\/474\/revisions\/2457"}],"wp:attachment":[{"href":"https:\/\/www.pionniers.veolia.com\/es\/wp-json\/wp\/v2\/media?parent=474"}],"curies":[{"name":"wp","href":"https:\/\/api.w.org\/{rel}","templated":true}]}}